{"id":983,"date":"2022-03-06T11:31:41","date_gmt":"2022-03-06T11:31:41","guid":{"rendered":"http:\/\/tiendabaldini.com.ar\/?post_type=product&#038;p=983"},"modified":"2022-03-06T11:34:20","modified_gmt":"2022-03-06T11:34:20","slug":"hemoproduvet-0292","status":"publish","type":"product","link":"https:\/\/tiendabaldini.com.ar\/index.php\/product\/hemoproduvet-0292\/","title":{"rendered":"HEMOPRODUVET (0292)"},"content":{"rendered":"<p><strong>Descripci\u00f3n:<\/strong><\/p>\n<p>Antian\u00e9mico. Hemat\u00f3geno.<\/p>\n<p><strong>Indicaciones:<\/strong><\/p>\n<p>Anemias de origen alimentario, infeccioso o parasitario, post-hemorr\u00e1gicas y post- operatorias. P\u00e9rdida de peso por alimentaci\u00f3n deficiente. Agotamiento. Convalecencia. En los estados patol\u00f3gicos donde se desea aumentar la hemoglobina y la hematopoyesis. Entrenamientos rigurosos. Astenia. Debilidad. Para mantener los requerimientos adecuados durante la gestaci\u00f3n y lactaci\u00f3n de los animales como tambi\u00e9n la actividad sexual de los sementales.<\/p>\n<ul>\n<li>Frasco ampolla x 50 ml.<\/li>\n<\/ul>\n","protected":false},"excerpt":{"rendered":"<p><strong>Descripci\u00f3n:<\/strong><\/p>\n<p>Antian\u00e9mico. Hemat\u00f3geno.<\/p>\n<p><strong>Indicaciones:<\/strong><\/p>\n<p>Anemias de origen alimentario, infeccioso o parasitario, post-hemorr\u00e1gicas y post- operatorias. P\u00e9rdida de peso por alimentaci\u00f3n deficiente. Agotamiento. Convalecencia. En los estados patol\u00f3gicos donde se desea aumentar la hemoglobina y la hematopoyesis. Entrenamientos rigurosos. Astenia. Debilidad. Para mantener los requerimientos adecuados durante la gestaci\u00f3n y lactaci\u00f3n de los animales como tambi\u00e9n la actividad sexual de los sementales.<\/p>\n<ul>\n<li>Frasco ampolla x 50 ml.<\/li>\n<\/ul>\n","protected":false},"featured_media":984,"template":"","meta":[],"product_cat":[173,19],"product_tag":[36,174,42,179],"_links":{"self":[{"href":"https:\/\/tiendabaldini.com.ar\/index.php\/wp-json\/wp\/v2\/product\/983"}],"collection":[{"href":"https:\/\/tiendabaldini.com.ar\/index.php\/wp-json\/wp\/v2\/product"}],"about":[{"href":"https:\/\/tiendabaldini.com.ar\/index.php\/wp-json\/wp\/v2\/types\/product"}],"wp:featuredmedia":[{"embeddable":true,"href":"https:\/\/tiendabaldini.com.ar\/index.php\/wp-json\/wp\/v2\/media\/984"}],"wp:attachment":[{"href":"https:\/\/tiendabaldini.com.ar\/index.php\/wp-json\/wp\/v2\/media?parent=983"}],"wp:term":[{"taxonomy":"product_cat","embeddable":true,"href":"https:\/\/tiendabaldini.com.ar\/index.php\/wp-json\/wp\/v2\/product_cat?post=983"},{"taxonomy":"product_tag","embeddable":true,"href":"https:\/\/tiendabaldini.com.ar\/index.php\/wp-json\/wp\/v2\/product_tag?post=983"}],"curies":[{"name":"wp","href":"https:\/\/api.w.org\/{rel}","templated":true}]}}