{"id":971,"date":"2022-02-24T18:36:25","date_gmt":"2022-02-24T18:36:25","guid":{"rendered":"http:\/\/tiendabaldini.com.ar\/?post_type=product&#038;p=971"},"modified":"2022-03-06T11:00:34","modified_gmt":"2022-03-06T11:00:34","slug":"complejo-b-0285","status":"publish","type":"product","link":"https:\/\/tiendabaldini.com.ar\/index.php\/product\/complejo-b-0285\/","title":{"rendered":"COMPLEJO B (0285)"},"content":{"rendered":"<p><strong>Descripci\u00f3n:<\/strong><\/p>\n<p>Polivitam\u00ednico con vitaminas B. Fortificante. Tonificante. Energizante.<\/p>\n<p><strong>Indicaciones:<\/strong><\/p>\n<p>Debilidad generalizada. Fatiga. Agotamiento. Convalecencia. En el per\u00edodo de crecimiento. Como preparaci\u00f3n de los animales ante esfuerzos intensos. Estados carenciales, refuerzo a las dietas normales de alimentaci\u00f3n.<\/p>\n<ul>\n<li>Frasco ampolla x 50 ml.<\/li>\n<\/ul>\n","protected":false},"excerpt":{"rendered":"<p><strong>Descripci\u00f3n:<\/strong><\/p>\n<p>Polivitam\u00ednico con vitaminas B. Fortificante. Tonificante. Energizante.<\/p>\n<p><strong>Indicaciones:<\/strong><\/p>\n<p>Debilidad generalizada. Fatiga. Agotamiento. Convalecencia. En el per\u00edodo de crecimiento. Como preparaci\u00f3n de los animales ante esfuerzos intensos. Estados carenciales, refuerzo a las dietas normales de alimentaci\u00f3n.<\/p>\n<ul>\n<li>Frasco ampolla x 50 ml.<\/li>\n<\/ul>\n","protected":false},"featured_media":972,"template":"","meta":[],"product_cat":[173,19],"product_tag":[174,97,42,112],"_links":{"self":[{"href":"https:\/\/tiendabaldini.com.ar\/index.php\/wp-json\/wp\/v2\/product\/971"}],"collection":[{"href":"https:\/\/tiendabaldini.com.ar\/index.php\/wp-json\/wp\/v2\/product"}],"about":[{"href":"https:\/\/tiendabaldini.com.ar\/index.php\/wp-json\/wp\/v2\/types\/product"}],"wp:featuredmedia":[{"embeddable":true,"href":"https:\/\/tiendabaldini.com.ar\/index.php\/wp-json\/wp\/v2\/media\/972"}],"wp:attachment":[{"href":"https:\/\/tiendabaldini.com.ar\/index.php\/wp-json\/wp\/v2\/media?parent=971"}],"wp:term":[{"taxonomy":"product_cat","embeddable":true,"href":"https:\/\/tiendabaldini.com.ar\/index.php\/wp-json\/wp\/v2\/product_cat?post=971"},{"taxonomy":"product_tag","embeddable":true,"href":"https:\/\/tiendabaldini.com.ar\/index.php\/wp-json\/wp\/v2\/product_tag?post=971"}],"curies":[{"name":"wp","href":"https:\/\/api.w.org\/{rel}","templated":true}]}}