{"id":966,"date":"2022-02-24T16:09:49","date_gmt":"2022-02-24T16:09:49","guid":{"rendered":"http:\/\/tiendabaldini.com.ar\/?post_type=product&#038;p=966"},"modified":"2022-02-24T16:16:30","modified_gmt":"2022-02-24T16:16:30","slug":"bioproduvet-0278","status":"publish","type":"product","link":"https:\/\/tiendabaldini.com.ar\/index.php\/product\/bioproduvet-0278\/","title":{"rendered":"BIOPRODUVET (0278)"},"content":{"rendered":"<p><strong>Descripci\u00f3n:<\/strong><\/p>\n<p>Reconstituyente.<\/p>\n<p><strong>Indicaciones:<\/strong><\/p>\n<p>Astenia, fatiga cr\u00f3nica. Convalecencia. Insuficiencias hep\u00e1ticas. Cansancio muscular y nervioso. Tratamiento espec\u00edfico de las alteraciones metab\u00f3licas del m\u00fasculo.<\/p>\n<ul>\n<li>Frasco ampolla x 50 ml.<\/li>\n<\/ul>\n","protected":false},"excerpt":{"rendered":"<p><strong>Descripci\u00f3n:<\/strong><\/p>\n<p>Reconstituyente.<\/p>\n<p><strong>Indicaciones:<\/strong><\/p>\n<p>Astenia, fatiga cr\u00f3nica. Convalecencia. Insuficiencias hep\u00e1ticas. Cansancio muscular y nervioso. Tratamiento espec\u00edfico de las alteraciones metab\u00f3licas del m\u00fasculo.<\/p>\n<ul>\n<li>Frasco ampolla x 50 ml.<\/li>\n<\/ul>\n","protected":false},"featured_media":967,"template":"","meta":[],"product_cat":[173,19],"product_tag":[174,42,76],"_links":{"self":[{"href":"https:\/\/tiendabaldini.com.ar\/index.php\/wp-json\/wp\/v2\/product\/966"}],"collection":[{"href":"https:\/\/tiendabaldini.com.ar\/index.php\/wp-json\/wp\/v2\/product"}],"about":[{"href":"https:\/\/tiendabaldini.com.ar\/index.php\/wp-json\/wp\/v2\/types\/product"}],"wp:featuredmedia":[{"embeddable":true,"href":"https:\/\/tiendabaldini.com.ar\/index.php\/wp-json\/wp\/v2\/media\/967"}],"wp:attachment":[{"href":"https:\/\/tiendabaldini.com.ar\/index.php\/wp-json\/wp\/v2\/media?parent=966"}],"wp:term":[{"taxonomy":"product_cat","embeddable":true,"href":"https:\/\/tiendabaldini.com.ar\/index.php\/wp-json\/wp\/v2\/product_cat?post=966"},{"taxonomy":"product_tag","embeddable":true,"href":"https:\/\/tiendabaldini.com.ar\/index.php\/wp-json\/wp\/v2\/product_tag?post=966"}],"curies":[{"name":"wp","href":"https:\/\/api.w.org\/{rel}","templated":true}]}}