{"id":964,"date":"2022-02-24T15:54:56","date_gmt":"2022-02-24T15:54:56","guid":{"rendered":"http:\/\/tiendabaldini.com.ar\/?post_type=product&#038;p=964"},"modified":"2022-02-24T16:09:12","modified_gmt":"2022-02-24T16:09:12","slug":"aspartato-b-15-0277","status":"publish","type":"product","link":"https:\/\/tiendabaldini.com.ar\/index.php\/product\/aspartato-b-15-0277\/","title":{"rendered":"ASPARTATO B 15 (0277)"},"content":{"rendered":"<p><strong>Descripci\u00f3n:<\/strong><\/p>\n<p>Activador metab\u00f3lico.<\/p>\n<p><strong>Indicaciones:<\/strong><\/p>\n<p>Astenia, especialmente en casos de hiperactividad f\u00edsica. Estados de agotamiento. Disminuci\u00f3n y p\u00e9rdida de rendimiento en el entrenamiento.<\/p>\n<ul>\n<li>Frasco ampolla x 50 ml.<\/li>\n<\/ul>\n","protected":false},"excerpt":{"rendered":"<p><strong>Descripci\u00f3n:<\/strong><\/p>\n<p>Activador metab\u00f3lico.<\/p>\n<p><strong>Indicaciones:<\/strong><\/p>\n<p>Astenia, especialmente en casos de hiperactividad f\u00edsica. Estados de agotamiento. Disminuci\u00f3n y p\u00e9rdida de rendimiento en el entrenamiento.<\/p>\n<ul>\n<li>Frasco ampolla x 50 ml.<\/li>\n<\/ul>\n","protected":false},"featured_media":965,"template":"","meta":[],"product_cat":[173,19],"product_tag":[174,42],"_links":{"self":[{"href":"https:\/\/tiendabaldini.com.ar\/index.php\/wp-json\/wp\/v2\/product\/964"}],"collection":[{"href":"https:\/\/tiendabaldini.com.ar\/index.php\/wp-json\/wp\/v2\/product"}],"about":[{"href":"https:\/\/tiendabaldini.com.ar\/index.php\/wp-json\/wp\/v2\/types\/product"}],"wp:featuredmedia":[{"embeddable":true,"href":"https:\/\/tiendabaldini.com.ar\/index.php\/wp-json\/wp\/v2\/media\/965"}],"wp:attachment":[{"href":"https:\/\/tiendabaldini.com.ar\/index.php\/wp-json\/wp\/v2\/media?parent=964"}],"wp:term":[{"taxonomy":"product_cat","embeddable":true,"href":"https:\/\/tiendabaldini.com.ar\/index.php\/wp-json\/wp\/v2\/product_cat?post=964"},{"taxonomy":"product_tag","embeddable":true,"href":"https:\/\/tiendabaldini.com.ar\/index.php\/wp-json\/wp\/v2\/product_tag?post=964"}],"curies":[{"name":"wp","href":"https:\/\/api.w.org\/{rel}","templated":true}]}}