{"id":954,"date":"2022-02-24T14:18:48","date_gmt":"2022-02-24T14:18:48","guid":{"rendered":"http:\/\/tiendabaldini.com.ar\/?post_type=product&#038;p=954"},"modified":"2022-02-24T14:19:43","modified_gmt":"2022-02-24T14:19:43","slug":"yodacalcio-b12-d-x-250cc-3521","status":"publish","type":"product","link":"https:\/\/tiendabaldini.com.ar\/index.php\/product\/yodacalcio-b12-d-x-250cc-3521\/","title":{"rendered":"YODACALCIO B12-D x 250cc (3521)"},"content":{"rendered":"<p><strong>Descripci\u00f3n:<\/strong><\/p>\n<p>Complejo mineral, vitam\u00ednico.<\/p>\n<p><strong>Indicaciones:<\/strong><\/p>\n<p>Suplemento mineral vitam\u00ednico indicado cuando se necesite incrementar la provisi\u00f3n de minerales y vitaminas en casos de, hipocalcemia, hipofosfatemia, hipomagnesemia, hipotiroidismo, debilidad, paresia puerperal, disminuci\u00f3n de fertilidad. Coadyuvante en carencias minerales vitam\u00ednicas durante la pre\u00f1ez, lactancia, crecimiento, engorde, convalecencias, pre-parto y pre-servicio, pre y post-destete. En coincidencia con desparasitaciones y vacunaciones. Previamente y durante el pastoreo de verdeos.<\/p>\n<ul>\n<li>Frascos x 250 ml.<\/li>\n<\/ul>\n","protected":false},"excerpt":{"rendered":"<p><strong>Descripci\u00f3n:<\/strong><\/p>\n<p>Complejo mineral, vitam\u00ednico.<\/p>\n<p><strong>Indicaciones:<\/strong><\/p>\n<p>Suplemento mineral vitam\u00ednico indicado cuando se necesite incrementar la provisi\u00f3n de minerales y vitaminas en casos de, hipocalcemia, hipofosfatemia, hipomagnesemia, hipotiroidismo, debilidad, paresia puerperal, disminuci\u00f3n de fertilidad. Coadyuvante en carencias minerales vitam\u00ednicas durante la pre\u00f1ez, lactancia, crecimiento, engorde, convalecencias, pre-parto y pre-servicio, pre y post-destete. En coincidencia con desparasitaciones y vacunaciones. Previamente y durante el pastoreo de verdeos.<\/p>\n<ul>\n<li>Frascos x 250 ml.<\/li>\n<\/ul>\n","protected":false},"featured_media":952,"template":"","meta":[],"product_cat":[140,19],"product_tag":[141,42,45],"_links":{"self":[{"href":"https:\/\/tiendabaldini.com.ar\/index.php\/wp-json\/wp\/v2\/product\/954"}],"collection":[{"href":"https:\/\/tiendabaldini.com.ar\/index.php\/wp-json\/wp\/v2\/product"}],"about":[{"href":"https:\/\/tiendabaldini.com.ar\/index.php\/wp-json\/wp\/v2\/types\/product"}],"wp:featuredmedia":[{"embeddable":true,"href":"https:\/\/tiendabaldini.com.ar\/index.php\/wp-json\/wp\/v2\/media\/952"}],"wp:attachment":[{"href":"https:\/\/tiendabaldini.com.ar\/index.php\/wp-json\/wp\/v2\/media?parent=954"}],"wp:term":[{"taxonomy":"product_cat","embeddable":true,"href":"https:\/\/tiendabaldini.com.ar\/index.php\/wp-json\/wp\/v2\/product_cat?post=954"},{"taxonomy":"product_tag","embeddable":true,"href":"https:\/\/tiendabaldini.com.ar\/index.php\/wp-json\/wp\/v2\/product_tag?post=954"}],"curies":[{"name":"wp","href":"https:\/\/api.w.org\/{rel}","templated":true}]}}