{"id":948,"date":"2022-02-24T14:12:05","date_gmt":"2022-02-24T14:12:05","guid":{"rendered":"http:\/\/tiendabaldini.com.ar\/?post_type=product&#038;p=948"},"modified":"2022-02-24T14:14:26","modified_gmt":"2022-02-24T14:14:26","slug":"xilazil-x-50-ml-2641","status":"publish","type":"product","link":"https:\/\/tiendabaldini.com.ar\/index.php\/product\/xilazil-x-50-ml-2641\/","title":{"rendered":"XILAZIL X 50 ML (2641)"},"content":{"rendered":"<p><strong>Descripci\u00f3n:<\/strong><\/p>\n<p>Sedante y analg\u00e9sico.<\/p>\n<p><strong>Indicaciones:<\/strong><\/p>\n<p>Para producir estado de sedaci\u00f3n y analgesia. Como preanest\u00e9sico de la anestesia general. En procedimientos diagn\u00f3sticos: ex\u00e1menes bucal, oft\u00e1lmico, \u00f3tico, vaginal. Palpaci\u00f3n rectal. Sondeo nasog\u00e1strico, vesical. Diagn\u00f3sticos por im\u00e1genes (radiograf\u00eda, ecograf\u00eda, gastroscopia). En maniobras de desvasado y herrado. En cirug\u00edas menores que requieran s\u00f3lo sedaci\u00f3n y analgesia leve: caso de limpieza y suturas de heridas con asociaci\u00f3n o no de anest\u00e9sico local, aperturas de abscesos.<\/p>\n<ul>\n<li>Frasco ampolla x 50 ml.<\/li>\n<\/ul>\n","protected":false},"excerpt":{"rendered":"<p><strong>Descripci\u00f3n:<\/strong><\/p>\n<p>Sedante y analg\u00e9sico.<\/p>\n<p><strong>Indicaciones:<\/strong><\/p>\n<p>Para producir estado de sedaci\u00f3n y analgesia. Como preanest\u00e9sico de la anestesia general. En procedimientos diagn\u00f3sticos: ex\u00e1menes bucal, oft\u00e1lmico, \u00f3tico, vaginal. Palpaci\u00f3n rectal. Sondeo nasog\u00e1strico, vesical. Diagn\u00f3sticos por im\u00e1genes (radiograf\u00eda, ecograf\u00eda, gastroscopia). En maniobras de desvasado y herrado. En cirug\u00edas menores que requieran s\u00f3lo sedaci\u00f3n y analgesia leve: caso de limpieza y suturas de heridas con asociaci\u00f3n o no de anest\u00e9sico local, aperturas de abscesos.<\/p>\n<ul>\n<li>Frasco ampolla x 50 ml.<\/li>\n<\/ul>\n","protected":false},"featured_media":950,"template":"","meta":[],"product_cat":[140,19,28],"product_tag":[79,141,42,172],"_links":{"self":[{"href":"https:\/\/tiendabaldini.com.ar\/index.php\/wp-json\/wp\/v2\/product\/948"}],"collection":[{"href":"https:\/\/tiendabaldini.com.ar\/index.php\/wp-json\/wp\/v2\/product"}],"about":[{"href":"https:\/\/tiendabaldini.com.ar\/index.php\/wp-json\/wp\/v2\/types\/product"}],"wp:featuredmedia":[{"embeddable":true,"href":"https:\/\/tiendabaldini.com.ar\/index.php\/wp-json\/wp\/v2\/media\/950"}],"wp:attachment":[{"href":"https:\/\/tiendabaldini.com.ar\/index.php\/wp-json\/wp\/v2\/media?parent=948"}],"wp:term":[{"taxonomy":"product_cat","embeddable":true,"href":"https:\/\/tiendabaldini.com.ar\/index.php\/wp-json\/wp\/v2\/product_cat?post=948"},{"taxonomy":"product_tag","embeddable":true,"href":"https:\/\/tiendabaldini.com.ar\/index.php\/wp-json\/wp\/v2\/product_tag?post=948"}],"curies":[{"name":"wp","href":"https:\/\/api.w.org\/{rel}","templated":true}]}}