{"id":945,"date":"2022-02-24T14:08:32","date_gmt":"2022-02-24T14:08:32","guid":{"rendered":"http:\/\/tiendabaldini.com.ar\/?post_type=product&#038;p=945"},"modified":"2022-02-24T14:15:03","modified_gmt":"2022-02-24T14:15:03","slug":"vitamina-b12-50000-x-50-ml-0387","status":"publish","type":"product","link":"https:\/\/tiendabaldini.com.ar\/index.php\/product\/vitamina-b12-50000-x-50-ml-0387\/","title":{"rendered":"VITAMINA B12 50000 x 50 ml (0387)"},"content":{"rendered":"<p><strong>Descripci\u00f3n:<\/strong><\/p>\n<p>Antian\u00e9mico. Neurot\u00f3nico.<\/p>\n<p><strong>Indicaciones:<\/strong><\/p>\n<p>Anemias (disminuci\u00f3n del n\u00famero de gl\u00f3bulos rojos) de cualquier tipo. Procesos neurol\u00f3gicos (neuralgias, neuritis). Convalecencias. Debilidad. T\u00f3nico inespec\u00edfico. Para ayudar a la recuperaci\u00f3n de animales parasitados.<\/p>\n<ul>\n<li>Frasco ampolla x 50 ml.<\/li>\n<\/ul>\n","protected":false},"excerpt":{"rendered":"<p><strong>Descripci\u00f3n:<\/strong><\/p>\n<p>Antian\u00e9mico. Neurot\u00f3nico.<\/p>\n<p><strong>Indicaciones:<\/strong><\/p>\n<p>Anemias (disminuci\u00f3n del n\u00famero de gl\u00f3bulos rojos) de cualquier tipo. Procesos neurol\u00f3gicos (neuralgias, neuritis). Convalecencias. Debilidad. T\u00f3nico inespec\u00edfico. Para ayudar a la recuperaci\u00f3n de animales parasitados.<\/p>\n<ul>\n<li>Frasco ampolla x 50 ml.<\/li>\n<\/ul>\n","protected":false},"featured_media":946,"template":"","meta":[],"product_cat":[140,19],"product_tag":[36,141,42],"_links":{"self":[{"href":"https:\/\/tiendabaldini.com.ar\/index.php\/wp-json\/wp\/v2\/product\/945"}],"collection":[{"href":"https:\/\/tiendabaldini.com.ar\/index.php\/wp-json\/wp\/v2\/product"}],"about":[{"href":"https:\/\/tiendabaldini.com.ar\/index.php\/wp-json\/wp\/v2\/types\/product"}],"wp:featuredmedia":[{"embeddable":true,"href":"https:\/\/tiendabaldini.com.ar\/index.php\/wp-json\/wp\/v2\/media\/946"}],"wp:attachment":[{"href":"https:\/\/tiendabaldini.com.ar\/index.php\/wp-json\/wp\/v2\/media?parent=945"}],"wp:term":[{"taxonomy":"product_cat","embeddable":true,"href":"https:\/\/tiendabaldini.com.ar\/index.php\/wp-json\/wp\/v2\/product_cat?post=945"},{"taxonomy":"product_tag","embeddable":true,"href":"https:\/\/tiendabaldini.com.ar\/index.php\/wp-json\/wp\/v2\/product_tag?post=945"}],"curies":[{"name":"wp","href":"https:\/\/api.w.org\/{rel}","templated":true}]}}