{"id":940,"date":"2022-02-24T14:03:24","date_gmt":"2022-02-24T14:03:24","guid":{"rendered":"http:\/\/tiendabaldini.com.ar\/?post_type=product&#038;p=940"},"modified":"2022-02-24T14:05:56","modified_gmt":"2022-02-24T14:05:56","slug":"utp-dinamogeno-0384","status":"publish","type":"product","link":"https:\/\/tiendabaldini.com.ar\/index.php\/product\/utp-dinamogeno-0384\/","title":{"rendered":"UTP DINAMOGENO (0384)"},"content":{"rendered":"<p><strong>Descripci\u00f3n:<\/strong><\/p>\n<p>Estimulante total del m\u00fasculo.<\/p>\n<p><strong>Indicaciones:<\/strong><\/p>\n<p>Preparaci\u00f3n inmediata para la prueba. Sobreentrenamiento. Agotamiento f\u00edsico. Antit\u00f3xico. T\u00f3nico neuromuscular y siempre que se necesite elevar el nivel de trabajo.<\/p>\n<ul>\n<li>Frasco ampolla polvo x 2 grs. y frasco solvente x 50 ml.<\/li>\n<\/ul>\n","protected":false},"excerpt":{"rendered":"<p><strong>Descripci\u00f3n:<\/strong><\/p>\n<p>Estimulante total del m\u00fasculo.<\/p>\n<p><strong>Indicaciones:<\/strong><\/p>\n<p>Preparaci\u00f3n inmediata para la prueba. Sobreentrenamiento. Agotamiento f\u00edsico. Antit\u00f3xico. T\u00f3nico neuromuscular y siempre que se necesite elevar el nivel de trabajo.<\/p>\n<ul>\n<li>Frasco ampolla polvo x 2 grs. y frasco solvente x 50 ml.<\/li>\n<\/ul>\n","protected":false},"featured_media":941,"template":"","meta":[],"product_cat":[140,19],"product_tag":[141,55,42],"_links":{"self":[{"href":"https:\/\/tiendabaldini.com.ar\/index.php\/wp-json\/wp\/v2\/product\/940"}],"collection":[{"href":"https:\/\/tiendabaldini.com.ar\/index.php\/wp-json\/wp\/v2\/product"}],"about":[{"href":"https:\/\/tiendabaldini.com.ar\/index.php\/wp-json\/wp\/v2\/types\/product"}],"wp:featuredmedia":[{"embeddable":true,"href":"https:\/\/tiendabaldini.com.ar\/index.php\/wp-json\/wp\/v2\/media\/941"}],"wp:attachment":[{"href":"https:\/\/tiendabaldini.com.ar\/index.php\/wp-json\/wp\/v2\/media?parent=940"}],"wp:term":[{"taxonomy":"product_cat","embeddable":true,"href":"https:\/\/tiendabaldini.com.ar\/index.php\/wp-json\/wp\/v2\/product_cat?post=940"},{"taxonomy":"product_tag","embeddable":true,"href":"https:\/\/tiendabaldini.com.ar\/index.php\/wp-json\/wp\/v2\/product_tag?post=940"}],"curies":[{"name":"wp","href":"https:\/\/api.w.org\/{rel}","templated":true}]}}