{"id":929,"date":"2022-02-24T10:08:39","date_gmt":"2022-02-24T10:08:39","guid":{"rendered":"http:\/\/tiendabaldini.com.ar\/?post_type=product&#038;p=929"},"modified":"2022-02-24T10:10:30","modified_gmt":"2022-02-24T10:10:30","slug":"relaxatol-fco-x-20-comp-0380","status":"publish","type":"product","link":"https:\/\/tiendabaldini.com.ar\/index.php\/product\/relaxatol-fco-x-20-comp-0380\/","title":{"rendered":"RELAXATOL Fco x 20 comp. (0380)"},"content":{"rendered":"<p><strong>Descripci\u00f3n:<\/strong><\/p>\n<p>Tranquilizante. V\u00eda oral.<\/p>\n<p><strong>Indicaciones:<\/strong><\/p>\n<p>Estados de excitaci\u00f3n de cualquier naturaleza. Para tranquilizar animales que reci\u00e9n inician su entrenamiento, para el transporte, para la revisaci\u00f3n m\u00e9dica, para facilitar servicios y pariciones. En pre y postoperatorio.<\/p>\n<ul>\n<li>Frasco x 20 comprimidos.<\/li>\n<\/ul>\n","protected":false},"excerpt":{"rendered":"<p><strong>Descripci\u00f3n:<\/strong><\/p>\n<p>Tranquilizante. V\u00eda oral.<\/p>\n<p><strong>Indicaciones:<\/strong><\/p>\n<p>Estados de excitaci\u00f3n de cualquier naturaleza. Para tranquilizar animales que reci\u00e9n inician su entrenamiento, para el transporte, para la revisaci\u00f3n m\u00e9dica, para facilitar servicios y pariciones. En pre y postoperatorio.<\/p>\n<ul>\n<li>Frasco x 20 comprimidos.<\/li>\n<\/ul>\n","protected":false},"featured_media":930,"template":"","meta":[],"product_cat":[140,19],"product_tag":[141,42,124],"_links":{"self":[{"href":"https:\/\/tiendabaldini.com.ar\/index.php\/wp-json\/wp\/v2\/product\/929"}],"collection":[{"href":"https:\/\/tiendabaldini.com.ar\/index.php\/wp-json\/wp\/v2\/product"}],"about":[{"href":"https:\/\/tiendabaldini.com.ar\/index.php\/wp-json\/wp\/v2\/types\/product"}],"wp:featuredmedia":[{"embeddable":true,"href":"https:\/\/tiendabaldini.com.ar\/index.php\/wp-json\/wp\/v2\/media\/930"}],"wp:attachment":[{"href":"https:\/\/tiendabaldini.com.ar\/index.php\/wp-json\/wp\/v2\/media?parent=929"}],"wp:term":[{"taxonomy":"product_cat","embeddable":true,"href":"https:\/\/tiendabaldini.com.ar\/index.php\/wp-json\/wp\/v2\/product_cat?post=929"},{"taxonomy":"product_tag","embeddable":true,"href":"https:\/\/tiendabaldini.com.ar\/index.php\/wp-json\/wp\/v2\/product_tag?post=929"}],"curies":[{"name":"wp","href":"https:\/\/api.w.org\/{rel}","templated":true}]}}