{"id":919,"date":"2022-02-24T09:49:15","date_gmt":"2022-02-24T09:49:15","guid":{"rendered":"http:\/\/tiendabaldini.com.ar\/?post_type=product&#038;p=919"},"modified":"2022-02-24T09:52:50","modified_gmt":"2022-02-24T09:52:50","slug":"neuromax-1-5-x-100cc-3584","status":"publish","type":"product","link":"https:\/\/tiendabaldini.com.ar\/index.php\/product\/neuromax-1-5-x-100cc-3584\/","title":{"rendered":"NEUROMAX 1.5% x 100cc (3584)"},"content":{"rendered":"<p><strong>Descripci\u00f3n:<\/strong><\/p>\n<p>Neurol\u00edtico de alta performance.<\/p>\n<p><strong>Indicaciones:<\/strong><\/p>\n<p>Bloqueo reversible de fibras nerviosas amiel\u00ednicas de tipo C, responsables de la conducci\u00f3n de los est\u00edmulos dolorosos. Neuralgias, mialgias, miositis, contracturas musculares. Enfermedad degenerativa articular. Bursitis. Sinovitis. Periostitis.<\/p>\n<ul>\n<li>Frasco ampolla x 100 ml.<\/li>\n<\/ul>\n","protected":false},"excerpt":{"rendered":"<p><strong>Descripci\u00f3n:<\/strong><\/p>\n<p>Neurol\u00edtico de alta performance.<\/p>\n<p><strong>Indicaciones:<\/strong><\/p>\n<p>Bloqueo reversible de fibras nerviosas amiel\u00ednicas de tipo C, responsables de la conducci\u00f3n de los est\u00edmulos dolorosos. Neuralgias, mialgias, miositis, contracturas musculares. Enfermedad degenerativa articular. Bursitis. Sinovitis. Periostitis.<\/p>\n<ul>\n<li>Frasco ampolla x 100 ml.<\/li>\n<\/ul>\n","protected":false},"featured_media":920,"template":"","meta":[],"product_cat":[140,19],"product_tag":[166,141,42],"_links":{"self":[{"href":"https:\/\/tiendabaldini.com.ar\/index.php\/wp-json\/wp\/v2\/product\/919"}],"collection":[{"href":"https:\/\/tiendabaldini.com.ar\/index.php\/wp-json\/wp\/v2\/product"}],"about":[{"href":"https:\/\/tiendabaldini.com.ar\/index.php\/wp-json\/wp\/v2\/types\/product"}],"wp:featuredmedia":[{"embeddable":true,"href":"https:\/\/tiendabaldini.com.ar\/index.php\/wp-json\/wp\/v2\/media\/920"}],"wp:attachment":[{"href":"https:\/\/tiendabaldini.com.ar\/index.php\/wp-json\/wp\/v2\/media?parent=919"}],"wp:term":[{"taxonomy":"product_cat","embeddable":true,"href":"https:\/\/tiendabaldini.com.ar\/index.php\/wp-json\/wp\/v2\/product_cat?post=919"},{"taxonomy":"product_tag","embeddable":true,"href":"https:\/\/tiendabaldini.com.ar\/index.php\/wp-json\/wp\/v2\/product_tag?post=919"}],"curies":[{"name":"wp","href":"https:\/\/api.w.org\/{rel}","templated":true}]}}