{"id":914,"date":"2022-02-24T09:40:28","date_gmt":"2022-02-24T09:40:28","guid":{"rendered":"http:\/\/tiendabaldini.com.ar\/?post_type=product&#038;p=914"},"modified":"2022-02-24T09:44:13","modified_gmt":"2022-02-24T09:44:13","slug":"mv-inyectable-x-50cc-0370","status":"publish","type":"product","link":"https:\/\/tiendabaldini.com.ar\/index.php\/product\/mv-inyectable-x-50cc-0370\/","title":{"rendered":"MV INYECTABLE x 50cc (0370)"},"content":{"rendered":"<p><strong>Descripci\u00f3n:<\/strong><\/p>\n<p>Estimulante cardiorrespiratorio, defatigante, broncodilatador.<\/p>\n<p><strong>Indicaciones:<\/strong><\/p>\n<p>Anoxia card\u00edaca. Depresi\u00f3n respiratoria y para cuando se desee aumentar el volumen de aire inspirado. Para reducir la fatiga producida por el mayor esfuerzo f\u00edsico. Coadyuvante de tratamientos para evitar hemorragias de esfuerzo (hemorragia pulmonar inducida por el ejercicio). Indicado tambi\u00e9n en casos de reacciones al\u00e9rgicas respiratorias por cama de paja, viruta y diversos al\u00e9rgenos del establo que pueden aparecer en caballos sensibles.<\/p>\n<ul>\n<li>Frasco ampolla x 50 ml.<\/li>\n<\/ul>\n","protected":false},"excerpt":{"rendered":"<p><strong>Descripci\u00f3n:<\/strong><\/p>\n<p>Estimulante cardiorrespiratorio, defatigante, broncodilatador.<\/p>\n<p><strong>Indicaciones:<\/strong><\/p>\n<p>Anoxia card\u00edaca. Depresi\u00f3n respiratoria y para cuando se desee aumentar el volumen de aire inspirado. Para reducir la fatiga producida por el mayor esfuerzo f\u00edsico. Coadyuvante de tratamientos para evitar hemorragias de esfuerzo (hemorragia pulmonar inducida por el ejercicio). Indicado tambi\u00e9n en casos de reacciones al\u00e9rgicas respiratorias por cama de paja, viruta y diversos al\u00e9rgenos del establo que pueden aparecer en caballos sensibles.<\/p>\n<ul>\n<li>Frasco ampolla x 50 ml.<\/li>\n<\/ul>\n","protected":false},"featured_media":913,"template":"","meta":[],"product_cat":[140,19],"product_tag":[94,162,141,96,42],"_links":{"self":[{"href":"https:\/\/tiendabaldini.com.ar\/index.php\/wp-json\/wp\/v2\/product\/914"}],"collection":[{"href":"https:\/\/tiendabaldini.com.ar\/index.php\/wp-json\/wp\/v2\/product"}],"about":[{"href":"https:\/\/tiendabaldini.com.ar\/index.php\/wp-json\/wp\/v2\/types\/product"}],"wp:featuredmedia":[{"embeddable":true,"href":"https:\/\/tiendabaldini.com.ar\/index.php\/wp-json\/wp\/v2\/media\/913"}],"wp:attachment":[{"href":"https:\/\/tiendabaldini.com.ar\/index.php\/wp-json\/wp\/v2\/media?parent=914"}],"wp:term":[{"taxonomy":"product_cat","embeddable":true,"href":"https:\/\/tiendabaldini.com.ar\/index.php\/wp-json\/wp\/v2\/product_cat?post=914"},{"taxonomy":"product_tag","embeddable":true,"href":"https:\/\/tiendabaldini.com.ar\/index.php\/wp-json\/wp\/v2\/product_tag?post=914"}],"curies":[{"name":"wp","href":"https:\/\/api.w.org\/{rel}","templated":true}]}}