{"id":902,"date":"2022-02-24T09:17:14","date_gmt":"2022-02-24T09:17:14","guid":{"rendered":"http:\/\/tiendabaldini.com.ar\/?post_type=product&#038;p=902"},"modified":"2022-02-24T09:22:49","modified_gmt":"2022-02-24T09:22:49","slug":"ketamina-100-x-50-ml-2054","status":"publish","type":"product","link":"https:\/\/tiendabaldini.com.ar\/index.php\/product\/ketamina-100-x-50-ml-2054\/","title":{"rendered":"KETAMINA 100 x 50 ml (2054)"},"content":{"rendered":"<p><strong>Descripci\u00f3n:<\/strong><\/p>\n<p>Anest\u00e9sico general disociativo de r\u00e1pida acci\u00f3n.<\/p>\n<p><strong>Indicaciones:<\/strong><\/p>\n<p>Anest\u00e9sico general de uso solo o como inductor de anestesia general con agentes inhalatorios. Acci\u00f3n analg\u00e9sica y ausencia de efectos depresores del sistema cardiorrespiratorio. Inhibe la transmisi\u00f3n de los impulsos a trav\u00e9s del sistema reticular lo que impide la llegada de los mismos a la corteza cerebral. Esto induce un nivel de anestesia de grado I y II pero no estado III.<\/p>\n<ul>\n<li>Frasco ampolla x 50 ml.<\/li>\n<\/ul>\n","protected":false},"excerpt":{"rendered":"<p><strong>Descripci\u00f3n:<\/strong><\/p>\n<p>Anest\u00e9sico general disociativo de r\u00e1pida acci\u00f3n.<\/p>\n<p><strong>Indicaciones:<\/strong><\/p>\n<p>Anest\u00e9sico general de uso solo o como inductor de anestesia general con agentes inhalatorios. Acci\u00f3n analg\u00e9sica y ausencia de efectos depresores del sistema cardiorrespiratorio. Inhibe la transmisi\u00f3n de los impulsos a trav\u00e9s del sistema reticular lo que impide la llegada de los mismos a la corteza cerebral. Esto induce un nivel de anestesia de grado I y II pero no estado III.<\/p>\n<ul>\n<li>Frasco ampolla x 50 ml.<\/li>\n<\/ul>\n","protected":false},"featured_media":903,"template":"","meta":[],"product_cat":[140,19],"product_tag":[169,141,42],"_links":{"self":[{"href":"https:\/\/tiendabaldini.com.ar\/index.php\/wp-json\/wp\/v2\/product\/902"}],"collection":[{"href":"https:\/\/tiendabaldini.com.ar\/index.php\/wp-json\/wp\/v2\/product"}],"about":[{"href":"https:\/\/tiendabaldini.com.ar\/index.php\/wp-json\/wp\/v2\/types\/product"}],"wp:featuredmedia":[{"embeddable":true,"href":"https:\/\/tiendabaldini.com.ar\/index.php\/wp-json\/wp\/v2\/media\/903"}],"wp:attachment":[{"href":"https:\/\/tiendabaldini.com.ar\/index.php\/wp-json\/wp\/v2\/media?parent=902"}],"wp:term":[{"taxonomy":"product_cat","embeddable":true,"href":"https:\/\/tiendabaldini.com.ar\/index.php\/wp-json\/wp\/v2\/product_cat?post=902"},{"taxonomy":"product_tag","embeddable":true,"href":"https:\/\/tiendabaldini.com.ar\/index.php\/wp-json\/wp\/v2\/product_tag?post=902"}],"curies":[{"name":"wp","href":"https:\/\/api.w.org\/{rel}","templated":true}]}}