{"id":899,"date":"2022-02-24T09:14:26","date_gmt":"2022-02-24T09:14:26","guid":{"rendered":"http:\/\/tiendabaldini.com.ar\/?post_type=product&#038;p=899"},"modified":"2022-02-24T09:16:53","modified_gmt":"2022-02-24T09:16:53","slug":"hialuronato-de-sodio-fco-x-2ml-2766","status":"publish","type":"product","link":"https:\/\/tiendabaldini.com.ar\/index.php\/product\/hialuronato-de-sodio-fco-x-2ml-2766\/","title":{"rendered":"HIALURONATO DE SODIO Fco x 2ml (2766)"},"content":{"rendered":"<p><strong>Descripci\u00f3n:<\/strong><\/p>\n<p>Reparador articular. Condroprotector. Peso molecular 1.800.000 Dalton.<\/p>\n<p><strong>Indicaciones:<\/strong><\/p>\n<p>Para el tratamiento de las disfunciones articulares debidas a sinovitis no infecciosas asociadas con las osteoartritis. En tendovaginitis, post-cirug\u00eda articular o tend\u00ednea, post-lavaje articular, apoyo de reparaci\u00f3n de fracturas articulares.<\/p>\n<ul>\n<li>Estuche conteniendo 5 frascos ampolla x 2 ml con 20 mg de Hialuronato de Sodio.<\/li>\n<\/ul>\n","protected":false},"excerpt":{"rendered":"<p><strong>Descripci\u00f3n:<\/strong><\/p>\n<p>Reparador articular. Condroprotector. Peso molecular 1.800.000 Dalton.<\/p>\n<p><strong>Indicaciones:<\/strong><\/p>\n<p>Para el tratamiento de las disfunciones articulares debidas a sinovitis no infecciosas asociadas con las osteoartritis. En tendovaginitis, post-cirug\u00eda articular o tend\u00ednea, post-lavaje articular, apoyo de reparaci\u00f3n de fracturas articulares.<\/p>\n<ul>\n<li>Estuche conteniendo 5 frascos ampolla x 2 ml con 20 mg de Hialuronato de Sodio.<\/li>\n<\/ul>\n","protected":false},"featured_media":900,"template":"","meta":[],"product_cat":[140,19],"product_tag":[141,168,42,80],"_links":{"self":[{"href":"https:\/\/tiendabaldini.com.ar\/index.php\/wp-json\/wp\/v2\/product\/899"}],"collection":[{"href":"https:\/\/tiendabaldini.com.ar\/index.php\/wp-json\/wp\/v2\/product"}],"about":[{"href":"https:\/\/tiendabaldini.com.ar\/index.php\/wp-json\/wp\/v2\/types\/product"}],"wp:featuredmedia":[{"embeddable":true,"href":"https:\/\/tiendabaldini.com.ar\/index.php\/wp-json\/wp\/v2\/media\/900"}],"wp:attachment":[{"href":"https:\/\/tiendabaldini.com.ar\/index.php\/wp-json\/wp\/v2\/media?parent=899"}],"wp:term":[{"taxonomy":"product_cat","embeddable":true,"href":"https:\/\/tiendabaldini.com.ar\/index.php\/wp-json\/wp\/v2\/product_cat?post=899"},{"taxonomy":"product_tag","embeddable":true,"href":"https:\/\/tiendabaldini.com.ar\/index.php\/wp-json\/wp\/v2\/product_tag?post=899"}],"curies":[{"name":"wp","href":"https:\/\/api.w.org\/{rel}","templated":true}]}}