{"id":897,"date":"2022-02-24T09:12:51","date_gmt":"2022-02-24T09:12:51","guid":{"rendered":"http:\/\/tiendabaldini.com.ar\/?post_type=product&#038;p=897"},"modified":"2022-02-24T09:13:57","modified_gmt":"2022-02-24T09:13:57","slug":"hepatofield-x-500-cc-0368","status":"publish","type":"product","link":"https:\/\/tiendabaldini.com.ar\/index.php\/product\/hepatofield-x-500-cc-0368\/","title":{"rendered":"HEPATOFIELD x 500 cc (0368)"},"content":{"rendered":"<p><strong>Descripci\u00f3n:<\/strong><\/p>\n<p>Desintoxicante hep\u00e1tico para equinos. V\u00eda oral.<\/p>\n<p><strong>Indicaciones:<\/strong><\/p>\n<p>Insuficiencia hep\u00e1tica. Intoxicaciones medicamentosas. Falta de apetito. Training. Sobreentrenamiento. Activaci\u00f3n de la funci\u00f3n hep\u00e1tica.<\/p>\n<ul>\n<li>Frasco x 500 ml.<\/li>\n<\/ul>\n","protected":false},"excerpt":{"rendered":"<p><strong>Descripci\u00f3n:<\/strong><\/p>\n<p>Desintoxicante hep\u00e1tico para equinos. V\u00eda oral.<\/p>\n<p><strong>Indicaciones:<\/strong><\/p>\n<p>Insuficiencia hep\u00e1tica. Intoxicaciones medicamentosas. Falta de apetito. Training. Sobreentrenamiento. Activaci\u00f3n de la funci\u00f3n hep\u00e1tica.<\/p>\n<ul>\n<li>Frasco x 500 ml.<\/li>\n<\/ul>\n","protected":false},"featured_media":898,"template":"","meta":[],"product_cat":[140,19],"product_tag":[141,116,42,80],"_links":{"self":[{"href":"https:\/\/tiendabaldini.com.ar\/index.php\/wp-json\/wp\/v2\/product\/897"}],"collection":[{"href":"https:\/\/tiendabaldini.com.ar\/index.php\/wp-json\/wp\/v2\/product"}],"about":[{"href":"https:\/\/tiendabaldini.com.ar\/index.php\/wp-json\/wp\/v2\/types\/product"}],"wp:featuredmedia":[{"embeddable":true,"href":"https:\/\/tiendabaldini.com.ar\/index.php\/wp-json\/wp\/v2\/media\/898"}],"wp:attachment":[{"href":"https:\/\/tiendabaldini.com.ar\/index.php\/wp-json\/wp\/v2\/media?parent=897"}],"wp:term":[{"taxonomy":"product_cat","embeddable":true,"href":"https:\/\/tiendabaldini.com.ar\/index.php\/wp-json\/wp\/v2\/product_cat?post=897"},{"taxonomy":"product_tag","embeddable":true,"href":"https:\/\/tiendabaldini.com.ar\/index.php\/wp-json\/wp\/v2\/product_tag?post=897"}],"curies":[{"name":"wp","href":"https:\/\/api.w.org\/{rel}","templated":true}]}}