{"id":883,"date":"2022-02-24T07:03:31","date_gmt":"2022-02-24T07:03:31","guid":{"rendered":"http:\/\/tiendabaldini.com.ar\/?post_type=product&#038;p=883"},"modified":"2022-02-24T07:05:01","modified_gmt":"2022-02-24T07:05:01","slug":"fustex-0361","status":"publish","type":"product","link":"https:\/\/tiendabaldini.com.ar\/index.php\/product\/fustex-0361\/","title":{"rendered":"FUSTEX (0361)"},"content":{"rendered":"<p><strong>Descripci\u00f3n:<\/strong><\/p>\n<p>Energ\u00e9tico estimulante muscular.<\/p>\n<p><strong>Indicaciones:<\/strong><\/p>\n<p>Paresias. Parestesias. Hipoton\u00eda y aton\u00eda de m\u00fasculos esquel\u00e9ticos. Para estimular el trabajo muscular.<\/p>\n<ul>\n<li>Frasco ampolla x 5 ml.<\/li>\n<\/ul>\n","protected":false},"excerpt":{"rendered":"<p><strong>Descripci\u00f3n:<\/strong><\/p>\n<p>Energ\u00e9tico estimulante muscular.<\/p>\n<p><strong>Indicaciones:<\/strong><\/p>\n<p>Paresias. Parestesias. Hipoton\u00eda y aton\u00eda de m\u00fasculos esquel\u00e9ticos. Para estimular el trabajo muscular.<\/p>\n<ul>\n<li>Frasco ampolla x 5 ml.<\/li>\n<\/ul>\n","protected":false},"featured_media":884,"template":"","meta":[],"product_cat":[140,19],"product_tag":[141,51,55,42],"_links":{"self":[{"href":"https:\/\/tiendabaldini.com.ar\/index.php\/wp-json\/wp\/v2\/product\/883"}],"collection":[{"href":"https:\/\/tiendabaldini.com.ar\/index.php\/wp-json\/wp\/v2\/product"}],"about":[{"href":"https:\/\/tiendabaldini.com.ar\/index.php\/wp-json\/wp\/v2\/types\/product"}],"wp:featuredmedia":[{"embeddable":true,"href":"https:\/\/tiendabaldini.com.ar\/index.php\/wp-json\/wp\/v2\/media\/884"}],"wp:attachment":[{"href":"https:\/\/tiendabaldini.com.ar\/index.php\/wp-json\/wp\/v2\/media?parent=883"}],"wp:term":[{"taxonomy":"product_cat","embeddable":true,"href":"https:\/\/tiendabaldini.com.ar\/index.php\/wp-json\/wp\/v2\/product_cat?post=883"},{"taxonomy":"product_tag","embeddable":true,"href":"https:\/\/tiendabaldini.com.ar\/index.php\/wp-json\/wp\/v2\/product_tag?post=883"}],"curies":[{"name":"wp","href":"https:\/\/api.w.org\/{rel}","templated":true}]}}