{"id":881,"date":"2022-02-24T07:01:25","date_gmt":"2022-02-24T07:01:25","guid":{"rendered":"http:\/\/tiendabaldini.com.ar\/?post_type=product&#038;p=881"},"modified":"2022-02-24T07:03:04","modified_gmt":"2022-02-24T07:03:04","slug":"furofield-2882","status":"publish","type":"product","link":"https:\/\/tiendabaldini.com.ar\/index.php\/product\/furofield-2882\/","title":{"rendered":"FUROFIELD (2882)"},"content":{"rendered":"<p><strong>Descripci\u00f3n:<\/strong><\/p>\n<p>Diur\u00e9tico. Antiinflamatorio.<\/p>\n<p><strong>Indicaciones:<\/strong><\/p>\n<p>Es un producto destinado al tratamiento de la reducci\u00f3n del edema en forma general: congesti\u00f3n y edema pulmonar, edema cerebral, edema renal, edema de gestaci\u00f3n, edema peric\u00e1rdico, edema prepucial, anasarca, ascitis, hidrot\u00f3rax, edema de ubre pre y postparto del bovino.<\/p>\n<ul>\n<li>Frasco ampolla x 25 ml.<\/li>\n<\/ul>\n","protected":false},"excerpt":{"rendered":"<p><strong>Descripci\u00f3n:<\/strong><\/p>\n<p>Diur\u00e9tico. Antiinflamatorio.<\/p>\n<p><strong>Indicaciones:<\/strong><\/p>\n<p>Es un producto destinado al tratamiento de la reducci\u00f3n del edema en forma general: congesti\u00f3n y edema pulmonar, edema cerebral, edema renal, edema de gestaci\u00f3n, edema peric\u00e1rdico, edema prepucial, anasarca, ascitis, hidrot\u00f3rax, edema de ubre pre y postparto del bovino.<\/p>\n<ul>\n<li>Frasco ampolla x 25 ml.<\/li>\n<\/ul>\n","protected":false},"featured_media":882,"template":"","meta":[],"product_cat":[140,19,28],"product_tag":[38,141,89,42],"_links":{"self":[{"href":"https:\/\/tiendabaldini.com.ar\/index.php\/wp-json\/wp\/v2\/product\/881"}],"collection":[{"href":"https:\/\/tiendabaldini.com.ar\/index.php\/wp-json\/wp\/v2\/product"}],"about":[{"href":"https:\/\/tiendabaldini.com.ar\/index.php\/wp-json\/wp\/v2\/types\/product"}],"wp:featuredmedia":[{"embeddable":true,"href":"https:\/\/tiendabaldini.com.ar\/index.php\/wp-json\/wp\/v2\/media\/882"}],"wp:attachment":[{"href":"https:\/\/tiendabaldini.com.ar\/index.php\/wp-json\/wp\/v2\/media?parent=881"}],"wp:term":[{"taxonomy":"product_cat","embeddable":true,"href":"https:\/\/tiendabaldini.com.ar\/index.php\/wp-json\/wp\/v2\/product_cat?post=881"},{"taxonomy":"product_tag","embeddable":true,"href":"https:\/\/tiendabaldini.com.ar\/index.php\/wp-json\/wp\/v2\/product_tag?post=881"}],"curies":[{"name":"wp","href":"https:\/\/api.w.org\/{rel}","templated":true}]}}