{"id":879,"date":"2022-02-24T06:58:28","date_gmt":"2022-02-24T06:58:28","guid":{"rendered":"http:\/\/tiendabaldini.com.ar\/?post_type=product&#038;p=879"},"modified":"2022-02-24T07:00:52","modified_gmt":"2022-02-24T07:00:52","slug":"fructosa-vitaminada-x-250-3791","status":"publish","type":"product","link":"https:\/\/tiendabaldini.com.ar\/index.php\/product\/fructosa-vitaminada-x-250-3791\/","title":{"rendered":"FRUCTOSA VITAMINADA x 250 (3791)"},"content":{"rendered":"<p><strong>Descripci\u00f3n:<\/strong><\/p>\n<p>Energ\u00e9tico. Hepatoprotector. Desintoxicante.<\/p>\n<p><strong>Indicaciones:<\/strong><\/p>\n<p>Hepatopat\u00edas. Toxemias. Infecciones. Sustituto de la Glucosa. Deshidrataci\u00f3n. Desintoxicaci\u00f3n.<\/p>\n<ul>\n<li>Frasco ampolla x 250 ml.<\/li>\n<\/ul>\n","protected":false},"excerpt":{"rendered":"<p><strong>Descripci\u00f3n:<\/strong><\/p>\n<p>Energ\u00e9tico. Hepatoprotector. Desintoxicante.<\/p>\n<p><strong>Indicaciones:<\/strong><\/p>\n<p>Hepatopat\u00edas. Toxemias. Infecciones. Sustituto de la Glucosa. Deshidrataci\u00f3n. Desintoxicaci\u00f3n.<\/p>\n<ul>\n<li>Frasco ampolla x 250 ml.<\/li>\n<\/ul>\n","protected":false},"featured_media":880,"template":"","meta":[],"product_cat":[140,19],"product_tag":[141,116,51,42,90],"_links":{"self":[{"href":"https:\/\/tiendabaldini.com.ar\/index.php\/wp-json\/wp\/v2\/product\/879"}],"collection":[{"href":"https:\/\/tiendabaldini.com.ar\/index.php\/wp-json\/wp\/v2\/product"}],"about":[{"href":"https:\/\/tiendabaldini.com.ar\/index.php\/wp-json\/wp\/v2\/types\/product"}],"wp:featuredmedia":[{"embeddable":true,"href":"https:\/\/tiendabaldini.com.ar\/index.php\/wp-json\/wp\/v2\/media\/880"}],"wp:attachment":[{"href":"https:\/\/tiendabaldini.com.ar\/index.php\/wp-json\/wp\/v2\/media?parent=879"}],"wp:term":[{"taxonomy":"product_cat","embeddable":true,"href":"https:\/\/tiendabaldini.com.ar\/index.php\/wp-json\/wp\/v2\/product_cat?post=879"},{"taxonomy":"product_tag","embeddable":true,"href":"https:\/\/tiendabaldini.com.ar\/index.php\/wp-json\/wp\/v2\/product_tag?post=879"}],"curies":[{"name":"wp","href":"https:\/\/api.w.org\/{rel}","templated":true}]}}