{"id":877,"date":"2022-02-24T06:55:56","date_gmt":"2022-02-24T06:55:56","guid":{"rendered":"http:\/\/tiendabaldini.com.ar\/?post_type=product&#038;p=877"},"modified":"2022-02-24T06:58:08","modified_gmt":"2022-02-24T06:58:08","slug":"flunifield-x-50-ml-1682","status":"publish","type":"product","link":"https:\/\/tiendabaldini.com.ar\/index.php\/product\/flunifield-x-50-ml-1682\/","title":{"rendered":"FLUNIFIELD x 50 ml (1682)"},"content":{"rendered":"<p><strong>Descripci\u00f3n:<\/strong><\/p>\n<p>Antiinflamatorio no esteroide.<\/p>\n<p><strong>Indicaciones:<\/strong><\/p>\n<p>Antiinflamatorio. Analg\u00e9sico. Antipir\u00e9tico. Antiendot\u00f3xico. Alivio de la inflamaci\u00f3n y dolor visceral asociado a c\u00f3licos y dolor asociado a desordenes musculoesquel\u00e9ticos.<\/p>\n<ul>\n<li>Frasco ampolla x 50 ml.<\/li>\n<\/ul>\n","protected":false},"excerpt":{"rendered":"<p><strong>Descripci\u00f3n:<\/strong><\/p>\n<p>Antiinflamatorio no esteroide.<\/p>\n<p><strong>Indicaciones:<\/strong><\/p>\n<p>Antiinflamatorio. Analg\u00e9sico. Antipir\u00e9tico. Antiendot\u00f3xico. Alivio de la inflamaci\u00f3n y dolor visceral asociado a c\u00f3licos y dolor asociado a desordenes musculoesquel\u00e9ticos.<\/p>\n<ul>\n<li>Frasco ampolla x 50 ml.<\/li>\n<\/ul>\n","protected":false},"featured_media":878,"template":"","meta":[],"product_cat":[140,19,28],"product_tag":[79,165,38,86,141,42],"_links":{"self":[{"href":"https:\/\/tiendabaldini.com.ar\/index.php\/wp-json\/wp\/v2\/product\/877"}],"collection":[{"href":"https:\/\/tiendabaldini.com.ar\/index.php\/wp-json\/wp\/v2\/product"}],"about":[{"href":"https:\/\/tiendabaldini.com.ar\/index.php\/wp-json\/wp\/v2\/types\/product"}],"wp:featuredmedia":[{"embeddable":true,"href":"https:\/\/tiendabaldini.com.ar\/index.php\/wp-json\/wp\/v2\/media\/878"}],"wp:attachment":[{"href":"https:\/\/tiendabaldini.com.ar\/index.php\/wp-json\/wp\/v2\/media?parent=877"}],"wp:term":[{"taxonomy":"product_cat","embeddable":true,"href":"https:\/\/tiendabaldini.com.ar\/index.php\/wp-json\/wp\/v2\/product_cat?post=877"},{"taxonomy":"product_tag","embeddable":true,"href":"https:\/\/tiendabaldini.com.ar\/index.php\/wp-json\/wp\/v2\/product_tag?post=877"}],"curies":[{"name":"wp","href":"https:\/\/api.w.org\/{rel}","templated":true}]}}