{"id":875,"date":"2022-02-24T06:53:56","date_gmt":"2022-02-24T06:53:56","guid":{"rendered":"http:\/\/tiendabaldini.com.ar\/?post_type=product&#038;p=875"},"modified":"2022-02-24T06:55:39","modified_gmt":"2022-02-24T06:55:39","slug":"fenilbutazona-20-iny-x-100cc-0359","status":"publish","type":"product","link":"https:\/\/tiendabaldini.com.ar\/index.php\/product\/fenilbutazona-20-iny-x-100cc-0359\/","title":{"rendered":"FENILBUTAZONA 20% iny x 100cc (0359)"},"content":{"rendered":"<p><strong>Descripci\u00f3n:<\/strong><\/p>\n<p>Antiinflamatorio y antirreum\u00e1tico no esteroide.<\/p>\n<p><strong>Indicaciones:<\/strong><\/p>\n<p>Artritis. Artrosis. Procesos inflamatorios agudos y cr\u00f3nicos. Reumatismos de cualquier etiolog\u00eda y localizaci\u00f3n.<\/p>\n<ul>\n<li>Frasco ampolla x 100 ml.<\/li>\n<\/ul>\n","protected":false},"excerpt":{"rendered":"<p><strong>Descripci\u00f3n:<\/strong><\/p>\n<p>Antiinflamatorio y antirreum\u00e1tico no esteroide.<\/p>\n<p><strong>Indicaciones:<\/strong><\/p>\n<p>Artritis. Artrosis. Procesos inflamatorios agudos y cr\u00f3nicos. Reumatismos de cualquier etiolog\u00eda y localizaci\u00f3n.<\/p>\n<ul>\n<li>Frasco ampolla x 100 ml.<\/li>\n<\/ul>\n","protected":false},"featured_media":876,"template":"","meta":[],"product_cat":[140,19,28],"product_tag":[38,144,141,42],"_links":{"self":[{"href":"https:\/\/tiendabaldini.com.ar\/index.php\/wp-json\/wp\/v2\/product\/875"}],"collection":[{"href":"https:\/\/tiendabaldini.com.ar\/index.php\/wp-json\/wp\/v2\/product"}],"about":[{"href":"https:\/\/tiendabaldini.com.ar\/index.php\/wp-json\/wp\/v2\/types\/product"}],"wp:featuredmedia":[{"embeddable":true,"href":"https:\/\/tiendabaldini.com.ar\/index.php\/wp-json\/wp\/v2\/media\/876"}],"wp:attachment":[{"href":"https:\/\/tiendabaldini.com.ar\/index.php\/wp-json\/wp\/v2\/media?parent=875"}],"wp:term":[{"taxonomy":"product_cat","embeddable":true,"href":"https:\/\/tiendabaldini.com.ar\/index.php\/wp-json\/wp\/v2\/product_cat?post=875"},{"taxonomy":"product_tag","embeddable":true,"href":"https:\/\/tiendabaldini.com.ar\/index.php\/wp-json\/wp\/v2\/product_tag?post=875"}],"curies":[{"name":"wp","href":"https:\/\/api.w.org\/{rel}","templated":true}]}}