{"id":872,"date":"2022-02-24T06:47:17","date_gmt":"2022-02-24T06:47:17","guid":{"rendered":"http:\/\/tiendabaldini.com.ar\/?post_type=product&#038;p=872"},"modified":"2022-02-24T06:50:42","modified_gmt":"2022-02-24T06:50:42","slug":"esele-oral-x-500ml-0355","status":"publish","type":"product","link":"https:\/\/tiendabaldini.com.ar\/index.php\/product\/esele-oral-x-500ml-0355\/","title":{"rendered":"ESELE ORAL X 500 cc (0355)"},"content":{"rendered":"<p><strong>Descripci\u00f3n:<\/strong><\/p>\n<p>Jarabe vitam\u00ednico. Mineralizante. V\u00eda oral.<\/p>\n<p><strong>Indicaciones:<\/strong><\/p>\n<p>Prevenci\u00f3n y tratamiento de diversas miositis del equino adulto, en la enfermedad del m\u00fasculo blanco del potrillo, s\u00edndrome de deficiencia de Vitamina E y Selenio asociado a trastornos en la reproducci\u00f3n (bajo porcentaje de fertilidad, abortos no infecciosos). Paralelamente suplementa la cantidad de minerales que ingresan por dieta y previene el d\u00e9ficit de potasio que pudiere ocurrir por sudoraci\u00f3n excesiva o por el uso de diur\u00e9ticos salur\u00e9ticos.<\/p>\n<ul>\n<li>Frasco x 500 ml.<\/li>\n<\/ul>\n","protected":false},"excerpt":{"rendered":"<p><strong>Descripci\u00f3n:<\/strong><\/p>\n<p>Jarabe vitam\u00ednico. Mineralizante. V\u00eda oral.<\/p>\n<p><strong>Indicaciones:<\/strong><\/p>\n<p>Prevenci\u00f3n y tratamiento de diversas miositis del equino adulto, en la enfermedad del m\u00fasculo blanco del potrillo, s\u00edndrome de deficiencia de Vitamina E y Selenio asociado a trastornos en la reproducci\u00f3n (bajo porcentaje de fertilidad, abortos no infecciosos). Paralelamente suplementa la cantidad de minerales que ingresan por dieta y previene el d\u00e9ficit de potasio que pudiere ocurrir por sudoraci\u00f3n excesiva o por el uso de diur\u00e9ticos salur\u00e9ticos.<\/p>\n<ul>\n<li>Frasco x 500 ml.<\/li>\n<\/ul>\n","protected":false},"featured_media":871,"template":"","meta":[],"product_cat":[140,19],"product_tag":[141,42,119,80,45],"_links":{"self":[{"href":"https:\/\/tiendabaldini.com.ar\/index.php\/wp-json\/wp\/v2\/product\/872"}],"collection":[{"href":"https:\/\/tiendabaldini.com.ar\/index.php\/wp-json\/wp\/v2\/product"}],"about":[{"href":"https:\/\/tiendabaldini.com.ar\/index.php\/wp-json\/wp\/v2\/types\/product"}],"wp:featuredmedia":[{"embeddable":true,"href":"https:\/\/tiendabaldini.com.ar\/index.php\/wp-json\/wp\/v2\/media\/871"}],"wp:attachment":[{"href":"https:\/\/tiendabaldini.com.ar\/index.php\/wp-json\/wp\/v2\/media?parent=872"}],"wp:term":[{"taxonomy":"product_cat","embeddable":true,"href":"https:\/\/tiendabaldini.com.ar\/index.php\/wp-json\/wp\/v2\/product_cat?post=872"},{"taxonomy":"product_tag","embeddable":true,"href":"https:\/\/tiendabaldini.com.ar\/index.php\/wp-json\/wp\/v2\/product_tag?post=872"}],"curies":[{"name":"wp","href":"https:\/\/api.w.org\/{rel}","templated":true}]}}