{"id":868,"date":"2022-02-24T06:41:26","date_gmt":"2022-02-24T06:41:26","guid":{"rendered":"http:\/\/tiendabaldini.com.ar\/?post_type=product&#038;p=868"},"modified":"2022-02-24T06:42:07","modified_gmt":"2022-02-24T06:42:07","slug":"diuretic-iny-x-50-cc-3694","status":"publish","type":"product","link":"https:\/\/tiendabaldini.com.ar\/index.php\/product\/diuretic-iny-x-50-cc-3694\/","title":{"rendered":"DIURETIC iny. x 50 cc (3694)"},"content":{"rendered":"<p><strong>Descripci\u00f3n:<\/strong><\/p>\n<p>Potente diur\u00e9tico. Salur\u00e9tico. Inyectable.<\/p>\n<p><strong>Indicaciones:<\/strong><\/p>\n<p>Edemas de cualquier etiolog\u00eda y localizaci\u00f3n: renal, cerebral, card\u00edaco, pulmonar, por obstrucci\u00f3n vascular. Hipertensi\u00f3n arterial, hemorragia pulmonar inducida por el ejercicio (HPIE). Edema de ubre pre y posparto.<\/p>\n<ul>\n<li>Frasco ampolla x 50 ml.<\/li>\n<\/ul>\n","protected":false},"excerpt":{"rendered":"<p><strong>Descripci\u00f3n:<\/strong><\/p>\n<p>Potente diur\u00e9tico. Salur\u00e9tico. Inyectable.<\/p>\n<p><strong>Indicaciones:<\/strong><\/p>\n<p>Edemas de cualquier etiolog\u00eda y localizaci\u00f3n: renal, cerebral, card\u00edaco, pulmonar, por obstrucci\u00f3n vascular. Hipertensi\u00f3n arterial, hemorragia pulmonar inducida por el ejercicio (HPIE). Edema de ubre pre y posparto.<\/p>\n<ul>\n<li>Frasco ampolla x 50 ml.<\/li>\n<\/ul>\n","protected":false},"featured_media":869,"template":"","meta":[],"product_cat":[140,19],"product_tag":[141,89,42],"_links":{"self":[{"href":"https:\/\/tiendabaldini.com.ar\/index.php\/wp-json\/wp\/v2\/product\/868"}],"collection":[{"href":"https:\/\/tiendabaldini.com.ar\/index.php\/wp-json\/wp\/v2\/product"}],"about":[{"href":"https:\/\/tiendabaldini.com.ar\/index.php\/wp-json\/wp\/v2\/types\/product"}],"wp:featuredmedia":[{"embeddable":true,"href":"https:\/\/tiendabaldini.com.ar\/index.php\/wp-json\/wp\/v2\/media\/869"}],"wp:attachment":[{"href":"https:\/\/tiendabaldini.com.ar\/index.php\/wp-json\/wp\/v2\/media?parent=868"}],"wp:term":[{"taxonomy":"product_cat","embeddable":true,"href":"https:\/\/tiendabaldini.com.ar\/index.php\/wp-json\/wp\/v2\/product_cat?post=868"},{"taxonomy":"product_tag","embeddable":true,"href":"https:\/\/tiendabaldini.com.ar\/index.php\/wp-json\/wp\/v2\/product_tag?post=868"}],"curies":[{"name":"wp","href":"https:\/\/api.w.org\/{rel}","templated":true}]}}