{"id":858,"date":"2022-02-24T06:28:17","date_gmt":"2022-02-24T06:28:17","guid":{"rendered":"http:\/\/tiendabaldini.com.ar\/?post_type=product&#038;p=858"},"modified":"2022-02-24T06:35:08","modified_gmt":"2022-02-24T06:35:08","slug":"creatina-x-1-kg-chinfield-2268","status":"publish","type":"product","link":"https:\/\/tiendabaldini.com.ar\/index.php\/product\/creatina-x-1-kg-chinfield-2268\/","title":{"rendered":"CREATINA X 1 KG CHINFIELD (2268)"},"content":{"rendered":"<p><strong>Descripci\u00f3n:<\/strong><\/p>\n<p>Suplemento preventivo. Terap\u00e9utico nutrac\u00e9utico.<\/p>\n<p><strong>Indicaciones:<\/strong><\/p>\n<p>Producto ergog\u00e9nico indicado fundamentalmente para aquellos animales que desarrollan una actividad anaer\u00f3bica como son los ejercicios de alta intensidad y corta duraci\u00f3n.<\/p>\n<ul>\n<li>Pote x 1 Kg.<\/li>\n<\/ul>\n","protected":false},"excerpt":{"rendered":"<p><strong>Descripci\u00f3n:<\/strong><\/p>\n<p>Suplemento preventivo. Terap\u00e9utico nutrac\u00e9utico.<\/p>\n<p><strong>Indicaciones:<\/strong><\/p>\n<p>Producto ergog\u00e9nico indicado fundamentalmente para aquellos animales que desarrollan una actividad anaer\u00f3bica como son los ejercicios de alta intensidad y corta duraci\u00f3n.<\/p>\n<ul>\n<li>Pote x 1 Kg.<\/li>\n<\/ul>\n","protected":false},"featured_media":859,"template":"","meta":[],"product_cat":[140,19],"product_tag":[141,42,43,48],"_links":{"self":[{"href":"https:\/\/tiendabaldini.com.ar\/index.php\/wp-json\/wp\/v2\/product\/858"}],"collection":[{"href":"https:\/\/tiendabaldini.com.ar\/index.php\/wp-json\/wp\/v2\/product"}],"about":[{"href":"https:\/\/tiendabaldini.com.ar\/index.php\/wp-json\/wp\/v2\/types\/product"}],"wp:featuredmedia":[{"embeddable":true,"href":"https:\/\/tiendabaldini.com.ar\/index.php\/wp-json\/wp\/v2\/media\/859"}],"wp:attachment":[{"href":"https:\/\/tiendabaldini.com.ar\/index.php\/wp-json\/wp\/v2\/media?parent=858"}],"wp:term":[{"taxonomy":"product_cat","embeddable":true,"href":"https:\/\/tiendabaldini.com.ar\/index.php\/wp-json\/wp\/v2\/product_cat?post=858"},{"taxonomy":"product_tag","embeddable":true,"href":"https:\/\/tiendabaldini.com.ar\/index.php\/wp-json\/wp\/v2\/product_tag?post=858"}],"curies":[{"name":"wp","href":"https:\/\/api.w.org\/{rel}","templated":true}]}}