{"id":832,"date":"2022-02-23T08:23:20","date_gmt":"2022-02-23T08:23:20","guid":{"rendered":"http:\/\/tiendabaldini.com.ar\/?post_type=product&#038;p=832"},"modified":"2022-02-23T08:57:01","modified_gmt":"2022-02-23T08:57:01","slug":"ciproheptadina-g-x-1-lt-0343","status":"publish","type":"product","link":"https:\/\/tiendabaldini.com.ar\/index.php\/product\/ciproheptadina-g-x-1-lt-0343\/","title":{"rendered":"CIPROHEPTADINA G x 1 Lt (0343)"},"content":{"rendered":"<p><strong>Descripci\u00f3n:<\/strong><\/p>\n<p>Estimulante del apetito (orex\u00edgeno).<\/p>\n<p><strong>Indicaciones:<\/strong><\/p>\n<p>Anorexia. Avitaminosis. P\u00e9rdida de peso. Falta de desarrollo. Convalecencias. Debilidad muscular. T\u00f3nico no espec\u00edfico.<\/p>\n<ul>\n<li>Frasco x 1 L.<\/li>\n<\/ul>\n","protected":false},"excerpt":{"rendered":"<p><strong>Descripci\u00f3n:<\/strong><\/p>\n<p>Estimulante del apetito (orex\u00edgeno).<\/p>\n<p><strong>Indicaciones:<\/strong><\/p>\n<p>Anorexia. Avitaminosis. P\u00e9rdida de peso. Falta de desarrollo. Convalecencias. Debilidad muscular. T\u00f3nico no espec\u00edfico.<\/p>\n<ul>\n<li>Frasco x 1 L.<\/li>\n<\/ul>\n","protected":false},"featured_media":833,"template":"","meta":[],"product_cat":[140,19],"product_tag":[141,55,42,149],"_links":{"self":[{"href":"https:\/\/tiendabaldini.com.ar\/index.php\/wp-json\/wp\/v2\/product\/832"}],"collection":[{"href":"https:\/\/tiendabaldini.com.ar\/index.php\/wp-json\/wp\/v2\/product"}],"about":[{"href":"https:\/\/tiendabaldini.com.ar\/index.php\/wp-json\/wp\/v2\/types\/product"}],"wp:featuredmedia":[{"embeddable":true,"href":"https:\/\/tiendabaldini.com.ar\/index.php\/wp-json\/wp\/v2\/media\/833"}],"wp:attachment":[{"href":"https:\/\/tiendabaldini.com.ar\/index.php\/wp-json\/wp\/v2\/media?parent=832"}],"wp:term":[{"taxonomy":"product_cat","embeddable":true,"href":"https:\/\/tiendabaldini.com.ar\/index.php\/wp-json\/wp\/v2\/product_cat?post=832"},{"taxonomy":"product_tag","embeddable":true,"href":"https:\/\/tiendabaldini.com.ar\/index.php\/wp-json\/wp\/v2\/product_tag?post=832"}],"curies":[{"name":"wp","href":"https:\/\/api.w.org\/{rel}","templated":true}]}}