{"id":828,"date":"2022-02-22T17:32:20","date_gmt":"2022-02-22T17:32:20","guid":{"rendered":"http:\/\/tiendabaldini.com.ar\/?post_type=product&#038;p=828"},"modified":"2022-02-22T18:07:48","modified_gmt":"2022-02-22T18:07:48","slug":"ch-77-0340","status":"publish","type":"product","link":"https:\/\/tiendabaldini.com.ar\/index.php\/product\/ch-77-0340\/","title":{"rendered":"CH-77 (0340)"},"content":{"rendered":"<p><strong>Descripci\u00f3n:<\/strong><\/p>\n<p>Estimulante activo.<\/p>\n<p><strong>Indicaciones:<\/strong><\/p>\n<p>Preparaci\u00f3n inmediata para la prueba. Para activar animales f\u00edsicamente disminuidos por edad, enfermedad, trabajo excesivo, insuficiencia respiratoria aguda, depresi\u00f3n por anest\u00e9sicos.<\/p>\n<ul>\n<li>Frasco ampolla x 10 ml.<\/li>\n<\/ul>\n","protected":false},"excerpt":{"rendered":"<p><strong>Descripci\u00f3n:<\/strong><\/p>\n<p>Estimulante activo.<\/p>\n<p><strong>Indicaciones:<\/strong><\/p>\n<p>Preparaci\u00f3n inmediata para la prueba. Para activar animales f\u00edsicamente disminuidos por edad, enfermedad, trabajo excesivo, insuficiencia respiratoria aguda, depresi\u00f3n por anest\u00e9sicos.<\/p>\n<ul>\n<li>Frasco ampolla x 10 ml.<\/li>\n<\/ul>\n","protected":false},"featured_media":829,"template":"","meta":[],"product_cat":[140,19],"product_tag":[141,55,42],"_links":{"self":[{"href":"https:\/\/tiendabaldini.com.ar\/index.php\/wp-json\/wp\/v2\/product\/828"}],"collection":[{"href":"https:\/\/tiendabaldini.com.ar\/index.php\/wp-json\/wp\/v2\/product"}],"about":[{"href":"https:\/\/tiendabaldini.com.ar\/index.php\/wp-json\/wp\/v2\/types\/product"}],"wp:featuredmedia":[{"embeddable":true,"href":"https:\/\/tiendabaldini.com.ar\/index.php\/wp-json\/wp\/v2\/media\/829"}],"wp:attachment":[{"href":"https:\/\/tiendabaldini.com.ar\/index.php\/wp-json\/wp\/v2\/media?parent=828"}],"wp:term":[{"taxonomy":"product_cat","embeddable":true,"href":"https:\/\/tiendabaldini.com.ar\/index.php\/wp-json\/wp\/v2\/product_cat?post=828"},{"taxonomy":"product_tag","embeddable":true,"href":"https:\/\/tiendabaldini.com.ar\/index.php\/wp-json\/wp\/v2\/product_tag?post=828"}],"curies":[{"name":"wp","href":"https:\/\/api.w.org\/{rel}","templated":true}]}}