{"id":814,"date":"2022-02-22T16:54:11","date_gmt":"2022-02-22T16:54:11","guid":{"rendered":"http:\/\/tiendabaldini.com.ar\/?post_type=product&#038;p=814"},"modified":"2022-02-22T18:11:56","modified_gmt":"2022-02-22T18:11:56","slug":"antilis-0336","status":"publish","type":"product","link":"https:\/\/tiendabaldini.com.ar\/index.php\/product\/antilis-0336\/","title":{"rendered":"ANTILIS (0336)"},"content":{"rendered":"<p><strong>Descripci\u00f3n:<\/strong><\/p>\n<p>Antic\u00f3lico de r\u00e1pida y potente acci\u00f3n espasmol\u00edtica.<\/p>\n<p><strong>Indicaciones:<\/strong><\/p>\n<p>C\u00f3licos espasm\u00f3dicos gastrointestinales. Espasmos de las v\u00edas urinarias (litiasis renal). C\u00f3licos post-quir\u00fargicos. Espasmos cervicales o uterinos. Partos dist\u00f3cicos. Algias de los \u00f3rganos de fibra lisa.<\/p>\n<ul>\n<li>Frasco ampolla x 10 ml.<\/li>\n<\/ul>\n","protected":false},"excerpt":{"rendered":"<p><strong>Descripci\u00f3n:<\/strong><\/p>\n<p>Antic\u00f3lico de r\u00e1pida y potente acci\u00f3n espasmol\u00edtica.<\/p>\n<p><strong>Indicaciones:<\/strong><\/p>\n<p>C\u00f3licos espasm\u00f3dicos gastrointestinales. Espasmos de las v\u00edas urinarias (litiasis renal). C\u00f3licos post-quir\u00fargicos. Espasmos cervicales o uterinos. Partos dist\u00f3cicos. Algias de los \u00f3rganos de fibra lisa.<\/p>\n<ul>\n<li>Frasco ampolla x 10 ml.<\/li>\n<\/ul>\n","protected":false},"featured_media":815,"template":"","meta":[],"product_cat":[140,19],"product_tag":[87,141,42],"_links":{"self":[{"href":"https:\/\/tiendabaldini.com.ar\/index.php\/wp-json\/wp\/v2\/product\/814"}],"collection":[{"href":"https:\/\/tiendabaldini.com.ar\/index.php\/wp-json\/wp\/v2\/product"}],"about":[{"href":"https:\/\/tiendabaldini.com.ar\/index.php\/wp-json\/wp\/v2\/types\/product"}],"wp:featuredmedia":[{"embeddable":true,"href":"https:\/\/tiendabaldini.com.ar\/index.php\/wp-json\/wp\/v2\/media\/815"}],"wp:attachment":[{"href":"https:\/\/tiendabaldini.com.ar\/index.php\/wp-json\/wp\/v2\/media?parent=814"}],"wp:term":[{"taxonomy":"product_cat","embeddable":true,"href":"https:\/\/tiendabaldini.com.ar\/index.php\/wp-json\/wp\/v2\/product_cat?post=814"},{"taxonomy":"product_tag","embeddable":true,"href":"https:\/\/tiendabaldini.com.ar\/index.php\/wp-json\/wp\/v2\/product_tag?post=814"}],"curies":[{"name":"wp","href":"https:\/\/api.w.org\/{rel}","templated":true}]}}