{"id":807,"date":"2022-02-22T16:40:46","date_gmt":"2022-02-22T16:40:46","guid":{"rendered":"http:\/\/tiendabaldini.com.ar\/?post_type=product&#038;p=807"},"modified":"2022-02-22T18:12:21","modified_gmt":"2022-02-22T18:12:21","slug":"anartritico-0334","status":"publish","type":"product","link":"https:\/\/tiendabaldini.com.ar\/index.php\/product\/anartritico-0334\/","title":{"rendered":"ANARTRITICO (0334)"},"content":{"rendered":"<p><strong>Descripci\u00f3n:<\/strong><\/p>\n<p>Antirreum\u00e1tico. Antiinflamatorio. Miorrelajante.<\/p>\n<p><strong>Indicaciones:<\/strong><\/p>\n<p>Asociaci\u00f3n de acci\u00f3n antiinflamatoria, analg\u00e9sica y relajante muscular para el tratamiento del reumatismo en todas sus formas y localizaciones y de procesos que transcurren con inflamaci\u00f3n tendomuscular, dolor y espasmo.<\/p>\n<ul>\n<li>Frasco ampolla x 100 ml.<\/li>\n<\/ul>\n","protected":false},"excerpt":{"rendered":"<p><strong>Descripci\u00f3n:<\/strong><\/p>\n<p>Antirreum\u00e1tico. Antiinflamatorio. Miorrelajante.<\/p>\n<p><strong>Indicaciones:<\/strong><\/p>\n<p>Asociaci\u00f3n de acci\u00f3n antiinflamatoria, analg\u00e9sica y relajante muscular para el tratamiento del reumatismo en todas sus formas y localizaciones y de procesos que transcurren con inflamaci\u00f3n tendomuscular, dolor y espasmo.<\/p>\n<ul>\n<li>Frasco ampolla x 100 ml.<\/li>\n<\/ul>\n","protected":false},"featured_media":808,"template":"","meta":[],"product_cat":[140,19,28],"product_tag":[38,144,141,42,145],"_links":{"self":[{"href":"https:\/\/tiendabaldini.com.ar\/index.php\/wp-json\/wp\/v2\/product\/807"}],"collection":[{"href":"https:\/\/tiendabaldini.com.ar\/index.php\/wp-json\/wp\/v2\/product"}],"about":[{"href":"https:\/\/tiendabaldini.com.ar\/index.php\/wp-json\/wp\/v2\/types\/product"}],"wp:featuredmedia":[{"embeddable":true,"href":"https:\/\/tiendabaldini.com.ar\/index.php\/wp-json\/wp\/v2\/media\/808"}],"wp:attachment":[{"href":"https:\/\/tiendabaldini.com.ar\/index.php\/wp-json\/wp\/v2\/media?parent=807"}],"wp:term":[{"taxonomy":"product_cat","embeddable":true,"href":"https:\/\/tiendabaldini.com.ar\/index.php\/wp-json\/wp\/v2\/product_cat?post=807"},{"taxonomy":"product_tag","embeddable":true,"href":"https:\/\/tiendabaldini.com.ar\/index.php\/wp-json\/wp\/v2\/product_tag?post=807"}],"curies":[{"name":"wp","href":"https:\/\/api.w.org\/{rel}","templated":true}]}}