{"id":805,"date":"2022-02-22T16:38:12","date_gmt":"2022-02-22T16:38:12","guid":{"rendered":"http:\/\/tiendabaldini.com.ar\/?post_type=product&#038;p=805"},"modified":"2022-02-22T18:12:32","modified_gmt":"2022-02-22T18:12:32","slug":"aminosuc-x-1-lts-0333","status":"publish","type":"product","link":"https:\/\/tiendabaldini.com.ar\/index.php\/product\/aminosuc-x-1-lts-0333\/","title":{"rendered":"AMINOSUC x 1 LTS (0333)"},"content":{"rendered":"<p><strong>Descripci\u00f3n:<\/strong><\/p>\n<p>Amino\u00e1cidos, vitaminas y minerales.<\/p>\n<p><strong>Indicaciones:<\/strong><\/p>\n<p>Hipovitaminosis, P\u00e9rdida de peso. Animales en crecimiento. Raquitismo. Convalecencia. Entrenamiento. Animales f\u00edsicamente disminuidos por edad, enfermedad. Pre\u00f1ez. Lactancia. Para colocar al animal en \u00f3ptimas condiciones de rendimiento.<\/p>\n<ul>\n<li>Frasco 1 L.<\/li>\n<\/ul>\n","protected":false},"excerpt":{"rendered":"<p><strong>Descripci\u00f3n:<\/strong><\/p>\n<p>Amino\u00e1cidos, vitaminas y minerales.<\/p>\n<p><strong>Indicaciones:<\/strong><\/p>\n<p>Hipovitaminosis, P\u00e9rdida de peso. Animales en crecimiento. Raquitismo. Convalecencia. Entrenamiento. Animales f\u00edsicamente disminuidos por edad, enfermedad. Pre\u00f1ez. Lactancia. Para colocar al animal en \u00f3ptimas condiciones de rendimiento.<\/p>\n<ul>\n<li>Frasco 1 L.<\/li>\n<\/ul>\n","protected":false},"featured_media":806,"template":"","meta":[],"product_cat":[140,19],"product_tag":[110,141,42,143,142],"_links":{"self":[{"href":"https:\/\/tiendabaldini.com.ar\/index.php\/wp-json\/wp\/v2\/product\/805"}],"collection":[{"href":"https:\/\/tiendabaldini.com.ar\/index.php\/wp-json\/wp\/v2\/product"}],"about":[{"href":"https:\/\/tiendabaldini.com.ar\/index.php\/wp-json\/wp\/v2\/types\/product"}],"wp:featuredmedia":[{"embeddable":true,"href":"https:\/\/tiendabaldini.com.ar\/index.php\/wp-json\/wp\/v2\/media\/806"}],"wp:attachment":[{"href":"https:\/\/tiendabaldini.com.ar\/index.php\/wp-json\/wp\/v2\/media?parent=805"}],"wp:term":[{"taxonomy":"product_cat","embeddable":true,"href":"https:\/\/tiendabaldini.com.ar\/index.php\/wp-json\/wp\/v2\/product_cat?post=805"},{"taxonomy":"product_tag","embeddable":true,"href":"https:\/\/tiendabaldini.com.ar\/index.php\/wp-json\/wp\/v2\/product_tag?post=805"}],"curies":[{"name":"wp","href":"https:\/\/api.w.org\/{rel}","templated":true}]}}