{"id":803,"date":"2022-02-22T16:33:31","date_gmt":"2022-02-22T16:33:31","guid":{"rendered":"http:\/\/tiendabaldini.com.ar\/?post_type=product&#038;p=803"},"modified":"2022-02-22T18:12:41","modified_gmt":"2022-02-22T18:12:41","slug":"aminoacidos-vit-x-250-0332","status":"publish","type":"product","link":"https:\/\/tiendabaldini.com.ar\/index.php\/product\/aminoacidos-vit-x-250-0332\/","title":{"rendered":"AMINOACIDOS VIT x 250 (0332)"},"content":{"rendered":"<p><strong>Descripci\u00f3n:<\/strong><\/p>\n<p>Asociaci\u00f3n de amino\u00e1cidos, vitaminas y minerales en soluci\u00f3n.<\/p>\n<p><strong>Indicaciones:<\/strong><\/p>\n<p>Deshidrataci\u00f3n de cualquier origen (diarreas, poliuria, hepatopat\u00edas, sudoraci\u00f3n intensa). Intoxicaciones. Estados de agotamiento f\u00edsico. Estado de estr\u00e9s. Hemorragias. P\u00e9rdida de electrolitos. Hipoproteinemias. Convalecencias. Inapetencia. Sobreentrenamiento.<\/p>\n<ul>\n<li>Frasco ampolla x 250 ml.<\/li>\n<\/ul>\n","protected":false},"excerpt":{"rendered":"<p><strong>Descripci\u00f3n:<\/strong><\/p>\n<p>Asociaci\u00f3n de amino\u00e1cidos, vitaminas y minerales en soluci\u00f3n.<\/p>\n<p><strong>Indicaciones:<\/strong><\/p>\n<p>Deshidrataci\u00f3n de cualquier origen (diarreas, poliuria, hepatopat\u00edas, sudoraci\u00f3n intensa). Intoxicaciones. Estados de agotamiento f\u00edsico. Estado de estr\u00e9s. Hemorragias. P\u00e9rdida de electrolitos. Hipoproteinemias. Convalecencias. Inapetencia. Sobreentrenamiento.<\/p>\n<ul>\n<li>Frasco ampolla x 250 ml.<\/li>\n<\/ul>\n","protected":false},"featured_media":804,"template":"","meta":[],"product_cat":[140,19],"product_tag":[141,42,143,142],"_links":{"self":[{"href":"https:\/\/tiendabaldini.com.ar\/index.php\/wp-json\/wp\/v2\/product\/803"}],"collection":[{"href":"https:\/\/tiendabaldini.com.ar\/index.php\/wp-json\/wp\/v2\/product"}],"about":[{"href":"https:\/\/tiendabaldini.com.ar\/index.php\/wp-json\/wp\/v2\/types\/product"}],"wp:featuredmedia":[{"embeddable":true,"href":"https:\/\/tiendabaldini.com.ar\/index.php\/wp-json\/wp\/v2\/media\/804"}],"wp:attachment":[{"href":"https:\/\/tiendabaldini.com.ar\/index.php\/wp-json\/wp\/v2\/media?parent=803"}],"wp:term":[{"taxonomy":"product_cat","embeddable":true,"href":"https:\/\/tiendabaldini.com.ar\/index.php\/wp-json\/wp\/v2\/product_cat?post=803"},{"taxonomy":"product_tag","embeddable":true,"href":"https:\/\/tiendabaldini.com.ar\/index.php\/wp-json\/wp\/v2\/product_tag?post=803"}],"curies":[{"name":"wp","href":"https:\/\/api.w.org\/{rel}","templated":true}]}}