{"id":798,"date":"2022-02-22T16:20:58","date_gmt":"2022-02-22T16:20:58","guid":{"rendered":"http:\/\/tiendabaldini.com.ar\/?post_type=product&#038;p=798"},"modified":"2022-02-22T18:12:51","modified_gmt":"2022-02-22T18:12:51","slug":"vitace-0271","status":"publish","type":"product","link":"https:\/\/tiendabaldini.com.ar\/index.php\/product\/vitace-0271\/","title":{"rendered":"VITACE (0271)"},"content":{"rendered":"<p><strong>Descripci\u00f3n:<\/strong><\/p>\n<p>Soluci\u00f3n de Vitamina C. \u00c1cido asc\u00f3rbico. Inyectable.<\/p>\n<p><strong>Indicaciones:<\/strong><\/p>\n<p>Estados an\u00e9micos, surm\u00e9nage y extenuaci\u00f3n por trabajos excesivos y del entrenamiento, hemorragias diversas, trastornos del metabolismo del calcio. Estimula y eleva las defensas org\u00e1nicas.<\/p>\n<ul>\n<li>Frasco ampolla x 100 ml.<\/li>\n<\/ul>\n","protected":false},"excerpt":{"rendered":"<p><strong>Descripci\u00f3n:<\/strong><\/p>\n<p>Soluci\u00f3n de Vitamina C. \u00c1cido asc\u00f3rbico. Inyectable.<\/p>\n<p><strong>Indicaciones:<\/strong><\/p>\n<p>Estados an\u00e9micos, surm\u00e9nage y extenuaci\u00f3n por trabajos excesivos y del entrenamiento, hemorragias diversas, trastornos del metabolismo del calcio. Estimula y eleva las defensas org\u00e1nicas.<\/p>\n<ul>\n<li>Frasco ampolla x 100 ml.<\/li>\n<\/ul>\n","protected":false},"featured_media":799,"template":"","meta":[],"product_cat":[121,19],"product_tag":[122,42,78,139],"_links":{"self":[{"href":"https:\/\/tiendabaldini.com.ar\/index.php\/wp-json\/wp\/v2\/product\/798"}],"collection":[{"href":"https:\/\/tiendabaldini.com.ar\/index.php\/wp-json\/wp\/v2\/product"}],"about":[{"href":"https:\/\/tiendabaldini.com.ar\/index.php\/wp-json\/wp\/v2\/types\/product"}],"wp:featuredmedia":[{"embeddable":true,"href":"https:\/\/tiendabaldini.com.ar\/index.php\/wp-json\/wp\/v2\/media\/799"}],"wp:attachment":[{"href":"https:\/\/tiendabaldini.com.ar\/index.php\/wp-json\/wp\/v2\/media?parent=798"}],"wp:term":[{"taxonomy":"product_cat","embeddable":true,"href":"https:\/\/tiendabaldini.com.ar\/index.php\/wp-json\/wp\/v2\/product_cat?post=798"},{"taxonomy":"product_tag","embeddable":true,"href":"https:\/\/tiendabaldini.com.ar\/index.php\/wp-json\/wp\/v2\/product_tag?post=798"}],"curies":[{"name":"wp","href":"https:\/\/api.w.org\/{rel}","templated":true}]}}