{"id":796,"date":"2022-02-22T16:11:24","date_gmt":"2022-02-22T16:11:24","guid":{"rendered":"http:\/\/tiendabaldini.com.ar\/?post_type=product&#038;p=796"},"modified":"2022-02-22T18:13:03","modified_gmt":"2022-02-22T18:13:03","slug":"vetarsil-plus-0270","status":"publish","type":"product","link":"https:\/\/tiendabaldini.com.ar\/index.php\/product\/vetarsil-plus-0270\/","title":{"rendered":"VETARSIL PLUS (0270)"},"content":{"rendered":"<p><strong>Descripci\u00f3n:<\/strong><\/p>\n<p>T\u00f3nico eutr\u00f3fico. Inyectable.<\/p>\n<p><strong>Indicaciones:<\/strong><\/p>\n<p>Indicado en estados an\u00e9micos, debilidad, como estimulante del apetito. Reparador de fuerzas org\u00e1nicas en estados adin\u00e1micos. Utilizar en post infecciones y parasitosis. Lesiones cut\u00e1neas y mic\u00f3ticas. Mejora el pelaje en animales para exposici\u00f3n.<\/p>\n<ul>\n<li>Frasco ampolla x 100 ml.<\/li>\n<\/ul>\n","protected":false},"excerpt":{"rendered":"<p><strong>Descripci\u00f3n:<\/strong><\/p>\n<p>T\u00f3nico eutr\u00f3fico. Inyectable.<\/p>\n<p><strong>Indicaciones:<\/strong><\/p>\n<p>Indicado en estados an\u00e9micos, debilidad, como estimulante del apetito. Reparador de fuerzas org\u00e1nicas en estados adin\u00e1micos. Utilizar en post infecciones y parasitosis. Lesiones cut\u00e1neas y mic\u00f3ticas. Mejora el pelaje en animales para exposici\u00f3n.<\/p>\n<ul>\n<li>Frasco ampolla x 100 ml.<\/li>\n<\/ul>\n","protected":false},"featured_media":797,"template":"","meta":[],"product_cat":[121,19],"product_tag":[122,42,78,138],"_links":{"self":[{"href":"https:\/\/tiendabaldini.com.ar\/index.php\/wp-json\/wp\/v2\/product\/796"}],"collection":[{"href":"https:\/\/tiendabaldini.com.ar\/index.php\/wp-json\/wp\/v2\/product"}],"about":[{"href":"https:\/\/tiendabaldini.com.ar\/index.php\/wp-json\/wp\/v2\/types\/product"}],"wp:featuredmedia":[{"embeddable":true,"href":"https:\/\/tiendabaldini.com.ar\/index.php\/wp-json\/wp\/v2\/media\/797"}],"wp:attachment":[{"href":"https:\/\/tiendabaldini.com.ar\/index.php\/wp-json\/wp\/v2\/media?parent=796"}],"wp:term":[{"taxonomy":"product_cat","embeddable":true,"href":"https:\/\/tiendabaldini.com.ar\/index.php\/wp-json\/wp\/v2\/product_cat?post=796"},{"taxonomy":"product_tag","embeddable":true,"href":"https:\/\/tiendabaldini.com.ar\/index.php\/wp-json\/wp\/v2\/product_tag?post=796"}],"curies":[{"name":"wp","href":"https:\/\/api.w.org\/{rel}","templated":true}]}}