{"id":787,"date":"2022-02-22T15:49:10","date_gmt":"2022-02-22T15:49:10","guid":{"rendered":"http:\/\/tiendabaldini.com.ar\/?post_type=product&#038;p=787"},"modified":"2022-02-22T15:54:22","modified_gmt":"2022-02-22T15:54:22","slug":"sulplata-x-500-4009","status":"publish","type":"product","link":"https:\/\/tiendabaldini.com.ar\/index.php\/product\/sulplata-x-500-4009\/","title":{"rendered":"SULPLATA x 500 (4009)"},"content":{"rendered":"<p><strong>Descripci\u00f3n:<\/strong><\/p>\n<p>Cicatrizante. Antis\u00e9ptico. Adhesivo protector de heridas.<\/p>\n<p><strong>Indicaciones:<\/strong><\/p>\n<p>Heridas e infecciones cut\u00e1neas, heridas traum\u00e1ticas y quir\u00fargicas. \u00dalceras y escaras por dec\u00fabito.<\/p>\n<ul>\n<li><strong>\u00a0<\/strong>Pote x 500 grs.<\/li>\n<\/ul>\n","protected":false},"excerpt":{"rendered":"<p><strong>Descripci\u00f3n:<\/strong><\/p>\n<p>Cicatrizante. Antis\u00e9ptico. Adhesivo protector de heridas.<\/p>\n<p><strong>Indicaciones:<\/strong><\/p>\n<p>Heridas e infecciones cut\u00e1neas, heridas traum\u00e1ticas y quir\u00fargicas. \u00dalceras y escaras por dec\u00fabito.<\/p>\n<ul>\n<li><strong>\u00a0<\/strong>Pote x 500 grs.<\/li>\n<\/ul>\n","protected":false},"featured_media":788,"template":"","meta":[],"product_cat":[121,19],"product_tag":[60,122,106,42],"_links":{"self":[{"href":"https:\/\/tiendabaldini.com.ar\/index.php\/wp-json\/wp\/v2\/product\/787"}],"collection":[{"href":"https:\/\/tiendabaldini.com.ar\/index.php\/wp-json\/wp\/v2\/product"}],"about":[{"href":"https:\/\/tiendabaldini.com.ar\/index.php\/wp-json\/wp\/v2\/types\/product"}],"wp:featuredmedia":[{"embeddable":true,"href":"https:\/\/tiendabaldini.com.ar\/index.php\/wp-json\/wp\/v2\/media\/788"}],"wp:attachment":[{"href":"https:\/\/tiendabaldini.com.ar\/index.php\/wp-json\/wp\/v2\/media?parent=787"}],"wp:term":[{"taxonomy":"product_cat","embeddable":true,"href":"https:\/\/tiendabaldini.com.ar\/index.php\/wp-json\/wp\/v2\/product_cat?post=787"},{"taxonomy":"product_tag","embeddable":true,"href":"https:\/\/tiendabaldini.com.ar\/index.php\/wp-json\/wp\/v2\/product_tag?post=787"}],"curies":[{"name":"wp","href":"https:\/\/api.w.org\/{rel}","templated":true}]}}