{"id":785,"date":"2022-02-22T15:47:42","date_gmt":"2022-02-22T15:47:42","guid":{"rendered":"http:\/\/tiendabaldini.com.ar\/?post_type=product&#038;p=785"},"modified":"2022-02-22T15:48:28","modified_gmt":"2022-02-22T15:48:28","slug":"sulfalkyl-topico-x-100cc-2996","status":"publish","type":"product","link":"https:\/\/tiendabaldini.com.ar\/index.php\/product\/sulfalkyl-topico-x-100cc-2996\/","title":{"rendered":"SULFALKYL TOPICO X 100CC (2996)"},"content":{"rendered":"<p><strong>Descripci\u00f3n:<\/strong><\/p>\n<p>Dimetilsulf\u00f3xido.<\/p>\n<p><strong>Indicaciones:<\/strong><\/p>\n<p>Para el tratamiento antiinflamatorio y analg\u00e9sico de diversas injurias traum\u00e1tico esquel\u00e9ticas, en especial las agudas. Para el alivio r\u00e1pido de inflamaciones y edemas concomitantes. Equinos deportivos exclusivamente.<\/p>\n<ul>\n<li>Frasco x 100 ml.<\/li>\n<\/ul>\n","protected":false},"excerpt":{"rendered":"<p><strong>Descripci\u00f3n:<\/strong><\/p>\n<p>Dimetilsulf\u00f3xido.<\/p>\n<p><strong>Indicaciones:<\/strong><\/p>\n<p>Para el tratamiento antiinflamatorio y analg\u00e9sico de diversas injurias traum\u00e1tico esquel\u00e9ticas, en especial las agudas. Para el alivio r\u00e1pido de inflamaciones y edemas concomitantes. Equinos deportivos exclusivamente.<\/p>\n<ul>\n<li>Frasco x 100 ml.<\/li>\n<\/ul>\n","protected":false},"featured_media":786,"template":"","meta":[],"product_cat":[121,19,28],"product_tag":[122,42],"_links":{"self":[{"href":"https:\/\/tiendabaldini.com.ar\/index.php\/wp-json\/wp\/v2\/product\/785"}],"collection":[{"href":"https:\/\/tiendabaldini.com.ar\/index.php\/wp-json\/wp\/v2\/product"}],"about":[{"href":"https:\/\/tiendabaldini.com.ar\/index.php\/wp-json\/wp\/v2\/types\/product"}],"wp:featuredmedia":[{"embeddable":true,"href":"https:\/\/tiendabaldini.com.ar\/index.php\/wp-json\/wp\/v2\/media\/786"}],"wp:attachment":[{"href":"https:\/\/tiendabaldini.com.ar\/index.php\/wp-json\/wp\/v2\/media?parent=785"}],"wp:term":[{"taxonomy":"product_cat","embeddable":true,"href":"https:\/\/tiendabaldini.com.ar\/index.php\/wp-json\/wp\/v2\/product_cat?post=785"},{"taxonomy":"product_tag","embeddable":true,"href":"https:\/\/tiendabaldini.com.ar\/index.php\/wp-json\/wp\/v2\/product_tag?post=785"}],"curies":[{"name":"wp","href":"https:\/\/api.w.org\/{rel}","templated":true}]}}