{"id":770,"date":"2022-02-22T15:15:16","date_gmt":"2022-02-22T15:15:16","guid":{"rendered":"http:\/\/tiendabaldini.com.ar\/?post_type=product&#038;p=770"},"modified":"2022-02-22T15:15:49","modified_gmt":"2022-02-22T15:15:49","slug":"heparmin-plus-x-250-ml-2746","status":"publish","type":"product","link":"https:\/\/tiendabaldini.com.ar\/index.php\/product\/heparmin-plus-x-250-ml-2746\/","title":{"rendered":"HEPARMIN PLUS x 250 ml (2746)"},"content":{"rendered":"<p><strong>Descripci\u00f3n:<\/strong><\/p>\n<p>Protector hep\u00e1tico selectivo. \u00c1cido ti\u00f3ctico. Inyectable.<\/p>\n<p><strong>Indicaciones:<\/strong><\/p>\n<p>Estimula la funci\u00f3n hep\u00e1tica. Hepatitis aguda o cr\u00f3nica. Cirrosis. Anorexia. Alteraciones de digesti\u00f3n y absorci\u00f3n. Alteraciones de los valores de enzimas hep\u00e1ticas.<\/p>\n<ul>\n<li>Frasco ampolla x 250 ml.<\/li>\n<\/ul>\n","protected":false},"excerpt":{"rendered":"<p><strong>Descripci\u00f3n:<\/strong><\/p>\n<p>Protector hep\u00e1tico selectivo. \u00c1cido ti\u00f3ctico. Inyectable.<\/p>\n<p><strong>Indicaciones:<\/strong><\/p>\n<p>Estimula la funci\u00f3n hep\u00e1tica. Hepatitis aguda o cr\u00f3nica. Cirrosis. Anorexia. Alteraciones de digesti\u00f3n y absorci\u00f3n. Alteraciones de los valores de enzimas hep\u00e1ticas.<\/p>\n<ul>\n<li>Frasco ampolla x 250 ml.<\/li>\n<\/ul>\n","protected":false},"featured_media":771,"template":"","meta":[],"product_cat":[121,19],"product_tag":[122,42,90,78],"_links":{"self":[{"href":"https:\/\/tiendabaldini.com.ar\/index.php\/wp-json\/wp\/v2\/product\/770"}],"collection":[{"href":"https:\/\/tiendabaldini.com.ar\/index.php\/wp-json\/wp\/v2\/product"}],"about":[{"href":"https:\/\/tiendabaldini.com.ar\/index.php\/wp-json\/wp\/v2\/types\/product"}],"wp:featuredmedia":[{"embeddable":true,"href":"https:\/\/tiendabaldini.com.ar\/index.php\/wp-json\/wp\/v2\/media\/771"}],"wp:attachment":[{"href":"https:\/\/tiendabaldini.com.ar\/index.php\/wp-json\/wp\/v2\/media?parent=770"}],"wp:term":[{"taxonomy":"product_cat","embeddable":true,"href":"https:\/\/tiendabaldini.com.ar\/index.php\/wp-json\/wp\/v2\/product_cat?post=770"},{"taxonomy":"product_tag","embeddable":true,"href":"https:\/\/tiendabaldini.com.ar\/index.php\/wp-json\/wp\/v2\/product_tag?post=770"}],"curies":[{"name":"wp","href":"https:\/\/api.w.org\/{rel}","templated":true}]}}