{"id":761,"date":"2022-02-22T14:54:39","date_gmt":"2022-02-22T14:54:39","guid":{"rendered":"http:\/\/tiendabaldini.com.ar\/?post_type=product&#038;p=761"},"modified":"2022-02-22T18:14:43","modified_gmt":"2022-02-22T18:14:43","slug":"fosforo-atp-x-10-ml-0522","status":"publish","type":"product","link":"https:\/\/tiendabaldini.com.ar\/index.php\/product\/fosforo-atp-x-10-ml-0522\/","title":{"rendered":"FOSFORO ATP X 10 ml (0522)"},"content":{"rendered":"<p><strong>Descripci\u00f3n:<\/strong><\/p>\n<p>Combinaci\u00f3n de un compuesto con f\u00f3sforo y adenosin trisulfato. Inyectable.<\/p>\n<p><strong>Indicaciones:<\/strong><\/p>\n<p>Indicado para estados de cansancio, agotamiento y p\u00e9rdidas de energ\u00eda, observadas claramente despu\u00e9s entrenamientos y esfuerzos en competencias deportivas. Durante el entrenamiento y la preparaci\u00f3n de animales de carrera, salto y polo, logra un excelente rendimiento en la competencia y evita las consecuencias de la fatiga neuromuscular. Tambi\u00e9n puede aplicarse a madres antes y despu\u00e9s del parto y a padrillos para aumentos el instinto gen\u00e9sico. Ideal para cortar la convalecencia, luego de haber pasado enfermedades graves (infecciosas o no).<\/p>\n<ul>\n<li><strong>\u00a0<\/strong>Frasco ampolla x 10 ml.<\/li>\n<\/ul>\n","protected":false},"excerpt":{"rendered":"<p><strong>Descripci\u00f3n:<\/strong><\/p>\n<p>Combinaci\u00f3n de un compuesto con f\u00f3sforo y adenosin trisulfato. Inyectable.<\/p>\n<p><strong>Indicaciones:<\/strong><\/p>\n<p>Indicado para estados de cansancio, agotamiento y p\u00e9rdidas de energ\u00eda, observadas claramente despu\u00e9s entrenamientos y esfuerzos en competencias deportivas. Durante el entrenamiento y la preparaci\u00f3n de animales de carrera, salto y polo, logra un excelente rendimiento en la competencia y evita las consecuencias de la fatiga neuromuscular. Tambi\u00e9n puede aplicarse a madres antes y despu\u00e9s del parto y a padrillos para aumentos el instinto gen\u00e9sico. Ideal para cortar la convalecencia, luego de haber pasado enfermedades graves (infecciosas o no).<\/p>\n<ul>\n<li><strong>\u00a0<\/strong>Frasco ampolla x 10 ml.<\/li>\n<\/ul>\n","protected":false},"featured_media":762,"template":"","meta":[],"product_cat":[121,19],"product_tag":[122,42,78],"_links":{"self":[{"href":"https:\/\/tiendabaldini.com.ar\/index.php\/wp-json\/wp\/v2\/product\/761"}],"collection":[{"href":"https:\/\/tiendabaldini.com.ar\/index.php\/wp-json\/wp\/v2\/product"}],"about":[{"href":"https:\/\/tiendabaldini.com.ar\/index.php\/wp-json\/wp\/v2\/types\/product"}],"wp:featuredmedia":[{"embeddable":true,"href":"https:\/\/tiendabaldini.com.ar\/index.php\/wp-json\/wp\/v2\/media\/762"}],"wp:attachment":[{"href":"https:\/\/tiendabaldini.com.ar\/index.php\/wp-json\/wp\/v2\/media?parent=761"}],"wp:term":[{"taxonomy":"product_cat","embeddable":true,"href":"https:\/\/tiendabaldini.com.ar\/index.php\/wp-json\/wp\/v2\/product_cat?post=761"},{"taxonomy":"product_tag","embeddable":true,"href":"https:\/\/tiendabaldini.com.ar\/index.php\/wp-json\/wp\/v2\/product_tag?post=761"}],"curies":[{"name":"wp","href":"https:\/\/api.w.org\/{rel}","templated":true}]}}