{"id":759,"date":"2022-02-22T14:49:50","date_gmt":"2022-02-22T14:49:50","guid":{"rendered":"http:\/\/tiendabaldini.com.ar\/?post_type=product&#038;p=759"},"modified":"2022-02-22T18:14:54","modified_gmt":"2022-02-22T18:14:54","slug":"emulsion-ese-0241","status":"publish","type":"product","link":"https:\/\/tiendabaldini.com.ar\/index.php\/product\/emulsion-ese-0241\/","title":{"rendered":"EMULSION ESE (0241)"},"content":{"rendered":"<p><strong>Descripci\u00f3n:<\/strong><\/p>\n<p>Emulsi\u00f3n de vitamina E y Selenio. Vitam\u00ednico antioxidante. Inyectable.<\/p>\n<p><strong>Indicaciones:<\/strong><\/p>\n<p>Miositis en equinos, envaraduras, mialgias, miositis, distrofias musculares, s\u00edndrome de respiraci\u00f3n r\u00e1pida, sudoraci\u00f3n profusa.<\/p>\n<ul>\n<li><strong>\u00a0<\/strong>Frasco ampolla x 50 ml.<\/li>\n<\/ul>\n","protected":false},"excerpt":{"rendered":"<p><strong>Descripci\u00f3n:<\/strong><\/p>\n<p>Emulsi\u00f3n de vitamina E y Selenio. Vitam\u00ednico antioxidante. Inyectable.<\/p>\n<p><strong>Indicaciones:<\/strong><\/p>\n<p>Miositis en equinos, envaraduras, mialgias, miositis, distrofias musculares, s\u00edndrome de respiraci\u00f3n r\u00e1pida, sudoraci\u00f3n profusa.<\/p>\n<ul>\n<li><strong>\u00a0<\/strong>Frasco ampolla x 50 ml.<\/li>\n<\/ul>\n","protected":false},"featured_media":760,"template":"","meta":[],"product_cat":[121,19],"product_tag":[122,42,78,45],"_links":{"self":[{"href":"https:\/\/tiendabaldini.com.ar\/index.php\/wp-json\/wp\/v2\/product\/759"}],"collection":[{"href":"https:\/\/tiendabaldini.com.ar\/index.php\/wp-json\/wp\/v2\/product"}],"about":[{"href":"https:\/\/tiendabaldini.com.ar\/index.php\/wp-json\/wp\/v2\/types\/product"}],"wp:featuredmedia":[{"embeddable":true,"href":"https:\/\/tiendabaldini.com.ar\/index.php\/wp-json\/wp\/v2\/media\/760"}],"wp:attachment":[{"href":"https:\/\/tiendabaldini.com.ar\/index.php\/wp-json\/wp\/v2\/media?parent=759"}],"wp:term":[{"taxonomy":"product_cat","embeddable":true,"href":"https:\/\/tiendabaldini.com.ar\/index.php\/wp-json\/wp\/v2\/product_cat?post=759"},{"taxonomy":"product_tag","embeddable":true,"href":"https:\/\/tiendabaldini.com.ar\/index.php\/wp-json\/wp\/v2\/product_tag?post=759"}],"curies":[{"name":"wp","href":"https:\/\/api.w.org\/{rel}","templated":true}]}}