{"id":749,"date":"2022-02-22T14:34:17","date_gmt":"2022-02-22T14:34:17","guid":{"rendered":"http:\/\/tiendabaldini.com.ar\/?post_type=product&#038;p=749"},"modified":"2022-02-22T18:15:35","modified_gmt":"2022-02-22T18:15:35","slug":"complejo-b-x-100-cc-0236","status":"publish","type":"product","link":"https:\/\/tiendabaldini.com.ar\/index.php\/product\/complejo-b-x-100-cc-0236\/","title":{"rendered":"COMPLEJO B X 100 CC (0236)"},"content":{"rendered":"<p><strong>Descripci\u00f3n:<\/strong><\/p>\n<p>Vitam\u00ednico.<\/p>\n<p><strong>Indicaciones:<\/strong><\/p>\n<p>Como fuente suplementaria de r\u00e1pida disponibilidad de vitaminas del complejo b 150 hampton ante demanda aumentada o posible d\u00e9ficit nutricional o de absorci\u00f3n. Para el tratamiento de carencias cl\u00ednicas o subcl\u00ednicas.<\/p>\n<ul>\n<li>Frasco x 100 ml.<\/li>\n<\/ul>\n","protected":false},"excerpt":{"rendered":"<p><strong>Descripci\u00f3n:<\/strong><\/p>\n<p>Vitam\u00ednico.<\/p>\n<p><strong>Indicaciones:<\/strong><\/p>\n<p>Como fuente suplementaria de r\u00e1pida disponibilidad de vitaminas del complejo b 150 hampton ante demanda aumentada o posible d\u00e9ficit nutricional o de absorci\u00f3n. Para el tratamiento de carencias cl\u00ednicas o subcl\u00ednicas.<\/p>\n<ul>\n<li>Frasco x 100 ml.<\/li>\n<\/ul>\n","protected":false},"featured_media":750,"template":"","meta":[],"product_cat":[121,19],"product_tag":[122,42,45],"_links":{"self":[{"href":"https:\/\/tiendabaldini.com.ar\/index.php\/wp-json\/wp\/v2\/product\/749"}],"collection":[{"href":"https:\/\/tiendabaldini.com.ar\/index.php\/wp-json\/wp\/v2\/product"}],"about":[{"href":"https:\/\/tiendabaldini.com.ar\/index.php\/wp-json\/wp\/v2\/types\/product"}],"wp:featuredmedia":[{"embeddable":true,"href":"https:\/\/tiendabaldini.com.ar\/index.php\/wp-json\/wp\/v2\/media\/750"}],"wp:attachment":[{"href":"https:\/\/tiendabaldini.com.ar\/index.php\/wp-json\/wp\/v2\/media?parent=749"}],"wp:term":[{"taxonomy":"product_cat","embeddable":true,"href":"https:\/\/tiendabaldini.com.ar\/index.php\/wp-json\/wp\/v2\/product_cat?post=749"},{"taxonomy":"product_tag","embeddable":true,"href":"https:\/\/tiendabaldini.com.ar\/index.php\/wp-json\/wp\/v2\/product_tag?post=749"}],"curies":[{"name":"wp","href":"https:\/\/api.w.org\/{rel}","templated":true}]}}