{"id":747,"date":"2022-02-22T14:33:12","date_gmt":"2022-02-22T14:33:12","guid":{"rendered":"http:\/\/tiendabaldini.com.ar\/?post_type=product&#038;p=747"},"modified":"2022-02-22T18:15:47","modified_gmt":"2022-02-22T18:15:47","slug":"cicatrizol-x-250-cc-0235","status":"publish","type":"product","link":"https:\/\/tiendabaldini.com.ar\/index.php\/product\/cicatrizol-x-250-cc-0235\/","title":{"rendered":"CICATRIZOL X 250 CC (0235)"},"content":{"rendered":"<p><strong>Descripci\u00f3n:<\/strong><\/p>\n<p>Antis\u00e9ptico, adhesivo, protector de heridas.<\/p>\n<p><strong>Indicaciones:<\/strong><\/p>\n<p>Antis\u00e9ptico, germicida, analg\u00e9sico, antiinflamatorio local. Disminuye el prurito durante la cicatrizaci\u00f3n. Estimula la reepitelizaci\u00f3n de la herida.<\/p>\n<ul>\n<li>Atomizador x 250 ml.<\/li>\n<\/ul>\n","protected":false},"excerpt":{"rendered":"<p><strong>Descripci\u00f3n:<\/strong><\/p>\n<p>Antis\u00e9ptico, adhesivo, protector de heridas.<\/p>\n<p><strong>Indicaciones:<\/strong><\/p>\n<p>Antis\u00e9ptico, germicida, analg\u00e9sico, antiinflamatorio local. Disminuye el prurito durante la cicatrizaci\u00f3n. Estimula la reepitelizaci\u00f3n de la herida.<\/p>\n<ul>\n<li>Atomizador x 250 ml.<\/li>\n<\/ul>\n","protected":false},"featured_media":748,"template":"","meta":[],"product_cat":[121,19],"product_tag":[79,38,60,122,42],"_links":{"self":[{"href":"https:\/\/tiendabaldini.com.ar\/index.php\/wp-json\/wp\/v2\/product\/747"}],"collection":[{"href":"https:\/\/tiendabaldini.com.ar\/index.php\/wp-json\/wp\/v2\/product"}],"about":[{"href":"https:\/\/tiendabaldini.com.ar\/index.php\/wp-json\/wp\/v2\/types\/product"}],"wp:featuredmedia":[{"embeddable":true,"href":"https:\/\/tiendabaldini.com.ar\/index.php\/wp-json\/wp\/v2\/media\/748"}],"wp:attachment":[{"href":"https:\/\/tiendabaldini.com.ar\/index.php\/wp-json\/wp\/v2\/media?parent=747"}],"wp:term":[{"taxonomy":"product_cat","embeddable":true,"href":"https:\/\/tiendabaldini.com.ar\/index.php\/wp-json\/wp\/v2\/product_cat?post=747"},{"taxonomy":"product_tag","embeddable":true,"href":"https:\/\/tiendabaldini.com.ar\/index.php\/wp-json\/wp\/v2\/product_tag?post=747"}],"curies":[{"name":"wp","href":"https:\/\/api.w.org\/{rel}","templated":true}]}}