{"id":732,"date":"2022-02-21T14:58:51","date_gmt":"2022-02-21T14:58:51","guid":{"rendered":"http:\/\/tiendabaldini.com.ar\/?post_type=product&#038;p=732"},"modified":"2022-02-21T15:40:35","modified_gmt":"2022-02-21T15:40:35","slug":"super-ton-0151-copia","status":"publish","type":"product","link":"https:\/\/tiendabaldini.com.ar\/index.php\/product\/super-ton-0151-copia\/","title":{"rendered":"ACEPROMACINA X 50 ML (2330)"},"content":{"rendered":"<p><strong>Descripci\u00f3n:<\/strong><\/p>\n<p>Atar\u00e1xico. Tranquilizante. Inyectable.<\/p>\n<p><strong>Indicaciones:<\/strong><\/p>\n<p>Indicado en general como medicaci\u00f3n preanest\u00e9sica siendo un agente neurol\u00e9ptico potente. Como coadyuvante en el control de animales ind\u00f3ciles y\/o que al momento del examen cl\u00ednico presenten traumatismos (Ej: fracturas, quemaduras, etc.) que di\ufb01culten su revisaci\u00f3n. Es \u00fatil usado en conjunto con otros anest\u00e9sicos locales o generales para diversos procedimientos o tratamientos (castraci\u00f3n, neurectom\u00edas, remoci\u00f3n de tumores de piel, cirug\u00edas oculares, problemas vinculados al herraje, etc.)<\/p>\n<ul>\n<li>Frasco de 50 ml.<\/li>\n<\/ul>\n","protected":false},"excerpt":{"rendered":"<p><strong>Descripci\u00f3n:<\/strong><\/p>\n<p>Atar\u00e1xico. Tranquilizante. Inyectable.<\/p>\n<p><strong>Indicaciones:<\/strong><\/p>\n<p>Indicado en general como medicaci\u00f3n preanest\u00e9sica siendo un agente neurol\u00e9ptico potente. Como coadyuvante en el control de animales ind\u00f3ciles y\/o que al momento del examen cl\u00ednico presenten traumatismos (Ej: fracturas, quemaduras, etc.) que di\ufb01culten su revisaci\u00f3n. Es \u00fatil usado en conjunto con otros anest\u00e9sicos locales o generales para diversos procedimientos o tratamientos (castraci\u00f3n, neurectom\u00edas, remoci\u00f3n de tumores de piel, cirug\u00edas oculares, problemas vinculados al herraje, etc.)<\/p>\n<ul>\n<li>Frasco de 50 ml.<\/li>\n<\/ul>\n","protected":false},"featured_media":736,"template":"","meta":[],"product_cat":[121,19],"product_tag":[123,122,42,78,124],"_links":{"self":[{"href":"https:\/\/tiendabaldini.com.ar\/index.php\/wp-json\/wp\/v2\/product\/732"}],"collection":[{"href":"https:\/\/tiendabaldini.com.ar\/index.php\/wp-json\/wp\/v2\/product"}],"about":[{"href":"https:\/\/tiendabaldini.com.ar\/index.php\/wp-json\/wp\/v2\/types\/product"}],"wp:featuredmedia":[{"embeddable":true,"href":"https:\/\/tiendabaldini.com.ar\/index.php\/wp-json\/wp\/v2\/media\/736"}],"wp:attachment":[{"href":"https:\/\/tiendabaldini.com.ar\/index.php\/wp-json\/wp\/v2\/media?parent=732"}],"wp:term":[{"taxonomy":"product_cat","embeddable":true,"href":"https:\/\/tiendabaldini.com.ar\/index.php\/wp-json\/wp\/v2\/product_cat?post=732"},{"taxonomy":"product_tag","embeddable":true,"href":"https:\/\/tiendabaldini.com.ar\/index.php\/wp-json\/wp\/v2\/product_tag?post=732"}],"curies":[{"name":"wp","href":"https:\/\/api.w.org\/{rel}","templated":true}]}}