{"id":728,"date":"2022-02-21T14:47:03","date_gmt":"2022-02-21T14:47:03","guid":{"rendered":"http:\/\/tiendabaldini.com.ar\/?post_type=product&#038;p=728"},"modified":"2022-02-21T14:49:36","modified_gmt":"2022-02-21T14:49:36","slug":"super-ton-0151","status":"publish","type":"product","link":"https:\/\/tiendabaldini.com.ar\/index.php\/product\/super-ton-0151\/","title":{"rendered":"SUPER-TON (0151)"},"content":{"rendered":"<p><strong>Descripci\u00f3n:<\/strong><\/p>\n<p>Reconstituyente vitam\u00ednico, mineral. Hemat\u00ednico para equinos. Inyectable.<\/p>\n<p><strong>Indicaciones:<\/strong><\/p>\n<p>T\u00f3nico estimulante del crecimiento a partir de los 6 meses de edad. Suplemento nutricional durante la reproducci\u00f3n y el entrenamiento. Recuperaci\u00f3n de animales convalecientes y an\u00e9micos, debido a su aporte de Vitaminas del Grupo B, Hierro y Amino\u00e1cidos.<\/p>\n<ul>\n<li>Frasco de 50 ml, 100 ml y 500 ml.<\/li>\n<\/ul>\n","protected":false},"excerpt":{"rendered":"<p><strong>Descripci\u00f3n:<\/strong><\/p>\n<p>Reconstituyente vitam\u00ednico, mineral. Hemat\u00ednico para equinos. Inyectable.<\/p>\n<p><strong>Indicaciones:<\/strong><\/p>\n<p>T\u00f3nico estimulante del crecimiento a partir de los 6 meses de edad. Suplemento nutricional durante la reproducci\u00f3n y el entrenamiento. Recuperaci\u00f3n de animales convalecientes y an\u00e9micos, debido a su aporte de Vitaminas del Grupo B, Hierro y Amino\u00e1cidos.<\/p>\n<ul>\n<li>Frasco de 50 ml, 100 ml y 500 ml.<\/li>\n<\/ul>\n","protected":false},"featured_media":729,"template":"","meta":[],"product_cat":[117,19],"product_tag":[118,42,78,76,45],"_links":{"self":[{"href":"https:\/\/tiendabaldini.com.ar\/index.php\/wp-json\/wp\/v2\/product\/728"}],"collection":[{"href":"https:\/\/tiendabaldini.com.ar\/index.php\/wp-json\/wp\/v2\/product"}],"about":[{"href":"https:\/\/tiendabaldini.com.ar\/index.php\/wp-json\/wp\/v2\/types\/product"}],"wp:featuredmedia":[{"embeddable":true,"href":"https:\/\/tiendabaldini.com.ar\/index.php\/wp-json\/wp\/v2\/media\/729"}],"wp:attachment":[{"href":"https:\/\/tiendabaldini.com.ar\/index.php\/wp-json\/wp\/v2\/media?parent=728"}],"wp:term":[{"taxonomy":"product_cat","embeddable":true,"href":"https:\/\/tiendabaldini.com.ar\/index.php\/wp-json\/wp\/v2\/product_cat?post=728"},{"taxonomy":"product_tag","embeddable":true,"href":"https:\/\/tiendabaldini.com.ar\/index.php\/wp-json\/wp\/v2\/product_tag?post=728"}],"curies":[{"name":"wp","href":"https:\/\/api.w.org\/{rel}","templated":true}]}}