{"id":726,"date":"2022-02-21T14:42:02","date_gmt":"2022-02-21T14:42:02","guid":{"rendered":"http:\/\/tiendabaldini.com.ar\/?post_type=product&#038;p=726"},"modified":"2022-02-21T14:45:35","modified_gmt":"2022-02-21T14:45:35","slug":"modificador-hembras-plus-0149","status":"publish","type":"product","link":"https:\/\/tiendabaldini.com.ar\/index.php\/product\/modificador-hembras-plus-0149\/","title":{"rendered":"MODIFICADOR HEMBRAS PLUS (0149)"},"content":{"rendered":"<p><strong>Descripci\u00f3n:<\/strong><\/p>\n<p>Hormonal. Inyectable<\/p>\n<p><strong>Indicaciones:<\/strong><\/p>\n<p>Como supresor del celo o en reemplazo de la castraci\u00f3n quir\u00fargica. Cuando por razones de manejo no se pueda separar machos de hembras y convenga suprimir el celo de \u00e9stas, o para evitar servicios indeseados. Coadyuvante del cuerpo l\u00fateo funcional. Muerte embrionaria por d\u00e9ficit luteal. Para evitar el aborto en vacas pre\u00f1adas que manifiestan celo. Para evitar el desbaste del celo. Transferencia embrionaria. Quiste ov\u00e1rico.<\/p>\n<ul>\n<li>Frasco de 50 ml.<\/li>\n<\/ul>\n","protected":false},"excerpt":{"rendered":"<p><strong>Descripci\u00f3n:<\/strong><\/p>\n<p>Hormonal. Inyectable<\/p>\n<p><strong>Indicaciones:<\/strong><\/p>\n<p>Como supresor del celo o en reemplazo de la castraci\u00f3n quir\u00fargica. Cuando por razones de manejo no se pueda separar machos de hembras y convenga suprimir el celo de \u00e9stas, o para evitar servicios indeseados. Coadyuvante del cuerpo l\u00fateo funcional. Muerte embrionaria por d\u00e9ficit luteal. Para evitar el aborto en vacas pre\u00f1adas que manifiestan celo. Para evitar el desbaste del celo. Transferencia embrionaria. Quiste ov\u00e1rico.<\/p>\n<ul>\n<li>Frasco de 50 ml.<\/li>\n<\/ul>\n","protected":false},"featured_media":727,"template":"","meta":[],"product_cat":[117,19],"product_tag":[118,42,120],"_links":{"self":[{"href":"https:\/\/tiendabaldini.com.ar\/index.php\/wp-json\/wp\/v2\/product\/726"}],"collection":[{"href":"https:\/\/tiendabaldini.com.ar\/index.php\/wp-json\/wp\/v2\/product"}],"about":[{"href":"https:\/\/tiendabaldini.com.ar\/index.php\/wp-json\/wp\/v2\/types\/product"}],"wp:featuredmedia":[{"embeddable":true,"href":"https:\/\/tiendabaldini.com.ar\/index.php\/wp-json\/wp\/v2\/media\/727"}],"wp:attachment":[{"href":"https:\/\/tiendabaldini.com.ar\/index.php\/wp-json\/wp\/v2\/media?parent=726"}],"wp:term":[{"taxonomy":"product_cat","embeddable":true,"href":"https:\/\/tiendabaldini.com.ar\/index.php\/wp-json\/wp\/v2\/product_cat?post=726"},{"taxonomy":"product_tag","embeddable":true,"href":"https:\/\/tiendabaldini.com.ar\/index.php\/wp-json\/wp\/v2\/product_tag?post=726"}],"curies":[{"name":"wp","href":"https:\/\/api.w.org\/{rel}","templated":true}]}}