{"id":724,"date":"2022-02-21T14:36:11","date_gmt":"2022-02-21T14:36:11","guid":{"rendered":"http:\/\/tiendabaldini.com.ar\/?post_type=product&#038;p=724"},"modified":"2022-02-21T14:41:47","modified_gmt":"2022-02-21T14:41:47","slug":"gentapen-caja-x-6-0146","status":"publish","type":"product","link":"https:\/\/tiendabaldini.com.ar\/index.php\/product\/gentapen-caja-x-6-0146\/","title":{"rendered":"GENTAPEN CAJA x 6 (0146)"},"content":{"rendered":"<p><strong>Descripci\u00f3n:<\/strong><\/p>\n<p>Antibi\u00f3tico inyectable reconstitu\u00edble con Penicilina de larga acci\u00f3n, corticoide y vitaminas. Inyectable<\/p>\n<p><strong>Indicaciones:<\/strong><\/p>\n<p>Infecciones bronco pulmonares, del tracto genito-urinario y gastrointestinales. Para el tratamiento y prevenci\u00f3n de metritis agudas y cr\u00f3nicas, pi\u00f3metra, infecciones post aborto. Colibacilosis, estafilococias locales o generalizadas. Poliartritis, cistitis, pielonefritis y toda infecci\u00f3n por g\u00e9rmenes sensibles y resistentes a otros antibi\u00f3ticos.<\/p>\n<ul>\n<li>Caja con 6 frascos de polvo y 6 frascos de diluyente.<\/li>\n<\/ul>\n","protected":false},"excerpt":{"rendered":"<p><strong>Descripci\u00f3n:<\/strong><\/p>\n<p>Antibi\u00f3tico inyectable reconstitu\u00edble con Penicilina de larga acci\u00f3n, corticoide y vitaminas. Inyectable<\/p>\n<p><strong>Indicaciones:<\/strong><\/p>\n<p>Infecciones bronco pulmonares, del tracto genito-urinario y gastrointestinales. Para el tratamiento y prevenci\u00f3n de metritis agudas y cr\u00f3nicas, pi\u00f3metra, infecciones post aborto. Colibacilosis, estafilococias locales o generalizadas. Poliartritis, cistitis, pielonefritis y toda infecci\u00f3n por g\u00e9rmenes sensibles y resistentes a otros antibi\u00f3ticos.<\/p>\n<ul>\n<li>Caja con 6 frascos de polvo y 6 frascos de diluyente.<\/li>\n<\/ul>\n","protected":false},"featured_media":725,"template":"","meta":[],"product_cat":[117,19,29],"product_tag":[75,118,42,78],"_links":{"self":[{"href":"https:\/\/tiendabaldini.com.ar\/index.php\/wp-json\/wp\/v2\/product\/724"}],"collection":[{"href":"https:\/\/tiendabaldini.com.ar\/index.php\/wp-json\/wp\/v2\/product"}],"about":[{"href":"https:\/\/tiendabaldini.com.ar\/index.php\/wp-json\/wp\/v2\/types\/product"}],"wp:featuredmedia":[{"embeddable":true,"href":"https:\/\/tiendabaldini.com.ar\/index.php\/wp-json\/wp\/v2\/media\/725"}],"wp:attachment":[{"href":"https:\/\/tiendabaldini.com.ar\/index.php\/wp-json\/wp\/v2\/media?parent=724"}],"wp:term":[{"taxonomy":"product_cat","embeddable":true,"href":"https:\/\/tiendabaldini.com.ar\/index.php\/wp-json\/wp\/v2\/product_cat?post=724"},{"taxonomy":"product_tag","embeddable":true,"href":"https:\/\/tiendabaldini.com.ar\/index.php\/wp-json\/wp\/v2\/product_tag?post=724"}],"curies":[{"name":"wp","href":"https:\/\/api.w.org\/{rel}","templated":true}]}}