{"id":714,"date":"2022-02-21T14:08:34","date_gmt":"2022-02-21T14:08:34","guid":{"rendered":"http:\/\/tiendabaldini.com.ar\/?post_type=product&#038;p=714"},"modified":"2022-02-21T14:13:27","modified_gmt":"2022-02-21T14:13:27","slug":"gefa-tehuelche-x-500-0142","status":"publish","type":"product","link":"https:\/\/tiendabaldini.com.ar\/index.php\/product\/gefa-tehuelche-x-500-0142\/","title":{"rendered":"GEFA TEHUELCHE x 500 (0142)"},"content":{"rendered":"<p><strong>Descripci\u00f3n:<\/strong><\/p>\n<p>Rehidratante y reconstituyente para equinos deportivos. Desintoxicante, energizante. Inyectable.<\/p>\n<p><strong>Indicaciones:<\/strong><\/p>\n<p>Como rehidratante en casos de shock, o en \u00e9poca estival. Para equilibrar la acidosis metab\u00f3lica producida en el entrenamiento o la competencia. Como normalizador de la volemia en deshidrataciones leves o profundas. Como complemento de tratamientos antidiarreicos. Como carrier de minerales intracelulares (Potasio, Magnesio y Fosfatos) y sost\u00e9n terap\u00e9utico de convalecencias por vaca ca\u00edda, cetosis cl\u00ednica y subcl\u00ednica. Aporte de flu\u00eddos y electrolitos en el intra y postoperatorio.<\/p>\n<ul>\n<li>Frasco por 500 ml.<\/li>\n<\/ul>\n","protected":false},"excerpt":{"rendered":"<p><strong>Descripci\u00f3n:<\/strong><\/p>\n<p>Rehidratante y reconstituyente para equinos deportivos. Desintoxicante, energizante. Inyectable.<\/p>\n<p><strong>Indicaciones:<\/strong><\/p>\n<p>Como rehidratante en casos de shock, o en \u00e9poca estival. Para equilibrar la acidosis metab\u00f3lica producida en el entrenamiento o la competencia. Como normalizador de la volemia en deshidrataciones leves o profundas. Como complemento de tratamientos antidiarreicos. Como carrier de minerales intracelulares (Potasio, Magnesio y Fosfatos) y sost\u00e9n terap\u00e9utico de convalecencias por vaca ca\u00edda, cetosis cl\u00ednica y subcl\u00ednica. Aporte de flu\u00eddos y electrolitos en el intra y postoperatorio.<\/p>\n<ul>\n<li>Frasco por 500 ml.<\/li>\n<\/ul>\n","protected":false},"featured_media":715,"template":"","meta":[],"product_cat":[117,19],"product_tag":[118,116,97,42,78,76,84],"_links":{"self":[{"href":"https:\/\/tiendabaldini.com.ar\/index.php\/wp-json\/wp\/v2\/product\/714"}],"collection":[{"href":"https:\/\/tiendabaldini.com.ar\/index.php\/wp-json\/wp\/v2\/product"}],"about":[{"href":"https:\/\/tiendabaldini.com.ar\/index.php\/wp-json\/wp\/v2\/types\/product"}],"wp:featuredmedia":[{"embeddable":true,"href":"https:\/\/tiendabaldini.com.ar\/index.php\/wp-json\/wp\/v2\/media\/715"}],"wp:attachment":[{"href":"https:\/\/tiendabaldini.com.ar\/index.php\/wp-json\/wp\/v2\/media?parent=714"}],"wp:term":[{"taxonomy":"product_cat","embeddable":true,"href":"https:\/\/tiendabaldini.com.ar\/index.php\/wp-json\/wp\/v2\/product_cat?post=714"},{"taxonomy":"product_tag","embeddable":true,"href":"https:\/\/tiendabaldini.com.ar\/index.php\/wp-json\/wp\/v2\/product_tag?post=714"}],"curies":[{"name":"wp","href":"https:\/\/api.w.org\/{rel}","templated":true}]}}