{"id":694,"date":"2022-02-21T12:15:16","date_gmt":"2022-02-21T12:15:16","guid":{"rendered":"http:\/\/tiendabaldini.com.ar\/?post_type=product&#038;p=694"},"modified":"2022-02-21T12:20:52","modified_gmt":"2022-02-21T12:20:52","slug":"planipart-0624","status":"publish","type":"product","link":"https:\/\/tiendabaldini.com.ar\/index.php\/product\/planipart-0624\/","title":{"rendered":"PLANIPART (0624)"},"content":{"rendered":"<p><strong>Descripci\u00f3n:<\/strong><\/p>\n<p>Supresor de las contracciones uterinas, facilitando el parto. Espasmol\u00edtico de acci\u00f3n selectiva sobre las fibras musculares lisas uterinas.<\/p>\n<p><strong>Indicaciones:<\/strong><\/p>\n<p>Postergaci\u00f3n del parto. Reacomodaci\u00f3n del feto en \u00fatero, auxiliar quir\u00fargico en ces\u00e1reas. Facilita la dilataci\u00f3n del canal genital.<\/p>\n<ul>\n<li>Frasco ampolla por 50 ml.<\/li>\n<\/ul>\n","protected":false},"excerpt":{"rendered":"<p><strong>Descripci\u00f3n:<\/strong><\/p>\n<p>Supresor de las contracciones uterinas, facilitando el parto. Espasmol\u00edtico de acci\u00f3n selectiva sobre las fibras musculares lisas uterinas.<\/p>\n<p><strong>Indicaciones:<\/strong><\/p>\n<p>Postergaci\u00f3n del parto. Reacomodaci\u00f3n del feto en \u00fatero, auxiliar quir\u00fargico en ces\u00e1reas. Facilita la dilataci\u00f3n del canal genital.<\/p>\n<ul>\n<li>Frasco ampolla por 50 ml.<\/li>\n<\/ul>\n","protected":false},"featured_media":698,"template":"","meta":[],"product_cat":[19,108],"product_tag":[109,42],"_links":{"self":[{"href":"https:\/\/tiendabaldini.com.ar\/index.php\/wp-json\/wp\/v2\/product\/694"}],"collection":[{"href":"https:\/\/tiendabaldini.com.ar\/index.php\/wp-json\/wp\/v2\/product"}],"about":[{"href":"https:\/\/tiendabaldini.com.ar\/index.php\/wp-json\/wp\/v2\/types\/product"}],"wp:featuredmedia":[{"embeddable":true,"href":"https:\/\/tiendabaldini.com.ar\/index.php\/wp-json\/wp\/v2\/media\/698"}],"wp:attachment":[{"href":"https:\/\/tiendabaldini.com.ar\/index.php\/wp-json\/wp\/v2\/media?parent=694"}],"wp:term":[{"taxonomy":"product_cat","embeddable":true,"href":"https:\/\/tiendabaldini.com.ar\/index.php\/wp-json\/wp\/v2\/product_cat?post=694"},{"taxonomy":"product_tag","embeddable":true,"href":"https:\/\/tiendabaldini.com.ar\/index.php\/wp-json\/wp\/v2\/product_tag?post=694"}],"curies":[{"name":"wp","href":"https:\/\/api.w.org\/{rel}","templated":true}]}}