{"id":693,"date":"2022-02-21T12:12:38","date_gmt":"2022-02-21T12:12:38","guid":{"rendered":"http:\/\/tiendabaldini.com.ar\/?post_type=product&#038;p=693"},"modified":"2022-02-21T12:20:21","modified_gmt":"2022-02-21T12:20:21","slug":"multivit-0111","status":"publish","type":"product","link":"https:\/\/tiendabaldini.com.ar\/index.php\/product\/multivit-0111\/","title":{"rendered":"MULTIVIT (0111)"},"content":{"rendered":"<p><strong>Descripci\u00f3n:<\/strong><\/p>\n<p>Soluci\u00f3n hidratante, energ\u00e9tica, desintoxicante con vitaminas y minerales.<\/p>\n<p><strong>Indicaciones:<\/strong><\/p>\n<p>Agotamiento f\u00edsico por exceso de trabajo o producci\u00f3n. Intoxicaciones, anorexia, deshidrataci\u00f3n. Como tratamiento de apoyo en enfermedades infecciones o parasitarias.<\/p>\n<ul>\n<li>Frasco por 500 ml.<\/li>\n<\/ul>\n","protected":false},"excerpt":{"rendered":"<p><strong>Descripci\u00f3n:<\/strong><\/p>\n<p>Soluci\u00f3n hidratante, energ\u00e9tica, desintoxicante con vitaminas y minerales.<\/p>\n<p><strong>Indicaciones:<\/strong><\/p>\n<p>Agotamiento f\u00edsico por exceso de trabajo o producci\u00f3n. Intoxicaciones, anorexia, deshidrataci\u00f3n. Como tratamiento de apoyo en enfermedades infecciones o parasitarias.<\/p>\n<ul>\n<li>Frasco por 500 ml.<\/li>\n<\/ul>\n","protected":false},"featured_media":697,"template":"","meta":[],"product_cat":[19,108],"product_tag":[109,116,51,42,115],"_links":{"self":[{"href":"https:\/\/tiendabaldini.com.ar\/index.php\/wp-json\/wp\/v2\/product\/693"}],"collection":[{"href":"https:\/\/tiendabaldini.com.ar\/index.php\/wp-json\/wp\/v2\/product"}],"about":[{"href":"https:\/\/tiendabaldini.com.ar\/index.php\/wp-json\/wp\/v2\/types\/product"}],"wp:featuredmedia":[{"embeddable":true,"href":"https:\/\/tiendabaldini.com.ar\/index.php\/wp-json\/wp\/v2\/media\/697"}],"wp:attachment":[{"href":"https:\/\/tiendabaldini.com.ar\/index.php\/wp-json\/wp\/v2\/media?parent=693"}],"wp:term":[{"taxonomy":"product_cat","embeddable":true,"href":"https:\/\/tiendabaldini.com.ar\/index.php\/wp-json\/wp\/v2\/product_cat?post=693"},{"taxonomy":"product_tag","embeddable":true,"href":"https:\/\/tiendabaldini.com.ar\/index.php\/wp-json\/wp\/v2\/product_tag?post=693"}],"curies":[{"name":"wp","href":"https:\/\/api.w.org\/{rel}","templated":true}]}}