{"id":686,"date":"2022-02-21T11:52:00","date_gmt":"2022-02-21T11:52:00","guid":{"rendered":"http:\/\/tiendabaldini.com.ar\/?post_type=product&#038;p=686"},"modified":"2022-02-21T11:52:50","modified_gmt":"2022-02-21T11:52:50","slug":"ivomec-x-500-cc-0926","status":"publish","type":"product","link":"https:\/\/tiendabaldini.com.ar\/index.php\/product\/ivomec-x-500-cc-0926\/","title":{"rendered":"IVOMEC X 500 CC (0926)"},"content":{"rendered":"<p><strong>Descripci\u00f3n:<\/strong><\/p>\n<p>Antiparasitarios endectocidas.<\/p>\n<p><strong>Indicaciones:<\/strong><\/p>\n<p>Control efectivo y prolongado de los par\u00e1sitos gastrointestinales adultos y juveniles, pulmonares, ura, piojos y \u00e1caros de la sarna. Ayuda en el control de la garrapata com\u00fan del bovino y piojos masticadores.<\/p>\n<ul>\n<li>Frasco por 500 ml.<\/li>\n<\/ul>\n","protected":false},"excerpt":{"rendered":"<p><strong>Descripci\u00f3n:<\/strong><\/p>\n<p>Antiparasitarios endectocidas.<\/p>\n<p><strong>Indicaciones:<\/strong><\/p>\n<p>Control efectivo y prolongado de los par\u00e1sitos gastrointestinales adultos y juveniles, pulmonares, ura, piojos y \u00e1caros de la sarna. Ayuda en el control de la garrapata com\u00fan del bovino y piojos masticadores.<\/p>\n<ul>\n<li>Frasco por 500 ml.<\/li>\n<\/ul>\n","protected":false},"featured_media":687,"template":"","meta":[],"product_cat":[19,29,108],"product_tag":[57,109,42],"_links":{"self":[{"href":"https:\/\/tiendabaldini.com.ar\/index.php\/wp-json\/wp\/v2\/product\/686"}],"collection":[{"href":"https:\/\/tiendabaldini.com.ar\/index.php\/wp-json\/wp\/v2\/product"}],"about":[{"href":"https:\/\/tiendabaldini.com.ar\/index.php\/wp-json\/wp\/v2\/types\/product"}],"wp:featuredmedia":[{"embeddable":true,"href":"https:\/\/tiendabaldini.com.ar\/index.php\/wp-json\/wp\/v2\/media\/687"}],"wp:attachment":[{"href":"https:\/\/tiendabaldini.com.ar\/index.php\/wp-json\/wp\/v2\/media?parent=686"}],"wp:term":[{"taxonomy":"product_cat","embeddable":true,"href":"https:\/\/tiendabaldini.com.ar\/index.php\/wp-json\/wp\/v2\/product_cat?post=686"},{"taxonomy":"product_tag","embeddable":true,"href":"https:\/\/tiendabaldini.com.ar\/index.php\/wp-json\/wp\/v2\/product_tag?post=686"}],"curies":[{"name":"wp","href":"https:\/\/api.w.org\/{rel}","templated":true}]}}