{"id":680,"date":"2022-02-21T11:32:50","date_gmt":"2022-02-21T11:32:50","guid":{"rendered":"http:\/\/tiendabaldini.com.ar\/?post_type=product&#038;p=680"},"modified":"2022-02-21T11:40:59","modified_gmt":"2022-02-21T11:40:59","slug":"gastrogard-0923","status":"publish","type":"product","link":"https:\/\/tiendabaldini.com.ar\/index.php\/product\/gastrogard-0923\/","title":{"rendered":"GASTROGARD (0923)"},"content":{"rendered":"<p><strong>Descripci\u00f3n:<\/strong><\/p>\n<p>Antiulceroso g\u00e1strico. El omeprazol, su ingrediente activo inhibe\u00a0de la secreci\u00f3n de \u00e1cido estomacal.<\/p>\n<p><strong>Indicaciones:<\/strong><\/p>\n<p>Para el tratamiento de las \u00falceras g\u00e1stricas. Para la prevenci\u00f3n de la formaci\u00f3n de \u00falceras g\u00e1stricas en equinos sanos durante per\u00edodos en los cuales se encuentren expuestos a situaciones de stress.<\/p>\n<ul>\n<li>Jeringa de 6,16 grs.<\/li>\n<\/ul>\n","protected":false},"excerpt":{"rendered":"<p><strong>Descripci\u00f3n:<\/strong><\/p>\n<p>Antiulceroso g\u00e1strico. El omeprazol, su ingrediente activo inhibe\u00a0de la secreci\u00f3n de \u00e1cido estomacal.<\/p>\n<p><strong>Indicaciones:<\/strong><\/p>\n<p>Para el tratamiento de las \u00falceras g\u00e1stricas. Para la prevenci\u00f3n de la formaci\u00f3n de \u00falceras g\u00e1stricas en equinos sanos durante per\u00edodos en los cuales se encuentren expuestos a situaciones de stress.<\/p>\n<ul>\n<li>Jeringa de 6,16 grs.<\/li>\n<\/ul>\n","protected":false},"featured_media":681,"template":"","meta":[],"product_cat":[19,108],"product_tag":[81,109,42,114],"_links":{"self":[{"href":"https:\/\/tiendabaldini.com.ar\/index.php\/wp-json\/wp\/v2\/product\/680"}],"collection":[{"href":"https:\/\/tiendabaldini.com.ar\/index.php\/wp-json\/wp\/v2\/product"}],"about":[{"href":"https:\/\/tiendabaldini.com.ar\/index.php\/wp-json\/wp\/v2\/types\/product"}],"wp:featuredmedia":[{"embeddable":true,"href":"https:\/\/tiendabaldini.com.ar\/index.php\/wp-json\/wp\/v2\/media\/681"}],"wp:attachment":[{"href":"https:\/\/tiendabaldini.com.ar\/index.php\/wp-json\/wp\/v2\/media?parent=680"}],"wp:term":[{"taxonomy":"product_cat","embeddable":true,"href":"https:\/\/tiendabaldini.com.ar\/index.php\/wp-json\/wp\/v2\/product_cat?post=680"},{"taxonomy":"product_tag","embeddable":true,"href":"https:\/\/tiendabaldini.com.ar\/index.php\/wp-json\/wp\/v2\/product_tag?post=680"}],"curies":[{"name":"wp","href":"https:\/\/api.w.org\/{rel}","templated":true}]}}