{"id":676,"date":"2022-02-21T11:20:44","date_gmt":"2022-02-21T11:20:44","guid":{"rendered":"http:\/\/tiendabaldini.com.ar\/?post_type=product&#038;p=676"},"modified":"2022-02-21T11:26:53","modified_gmt":"2022-02-21T11:26:53","slug":"eqvalan-0921","status":"publish","type":"product","link":"https:\/\/tiendabaldini.com.ar\/index.php\/product\/eqvalan-0921\/","title":{"rendered":"EQVALAN (0921)"},"content":{"rendered":"<p><strong>Descripci\u00f3n:<\/strong><\/p>\n<p>Antiparasitario interno-oral.<\/p>\n<p><strong>Indicaciones:<\/strong><\/p>\n<p>Controla par\u00e1sitos gastrointestinales, gastr\u00f3filos, pulmonares y cut\u00e1neos. Para equinos de cualquier edad, incluyendo yeguas pre\u00f1adas y caballos reproductores.<\/p>\n<ul>\n<li>Jeringa de 6,42 grs.<\/li>\n<\/ul>\n","protected":false},"excerpt":{"rendered":"<p><strong>Descripci\u00f3n:<\/strong><\/p>\n<p>Antiparasitario interno-oral.<\/p>\n<p><strong>Indicaciones:<\/strong><\/p>\n<p>Controla par\u00e1sitos gastrointestinales, gastr\u00f3filos, pulmonares y cut\u00e1neos. Para equinos de cualquier edad, incluyendo yeguas pre\u00f1adas y caballos reproductores.<\/p>\n<ul>\n<li>Jeringa de 6,42 grs.<\/li>\n<\/ul>\n","protected":false},"featured_media":677,"template":"","meta":[],"product_cat":[19,29,108],"product_tag":[57,109,42],"_links":{"self":[{"href":"https:\/\/tiendabaldini.com.ar\/index.php\/wp-json\/wp\/v2\/product\/676"}],"collection":[{"href":"https:\/\/tiendabaldini.com.ar\/index.php\/wp-json\/wp\/v2\/product"}],"about":[{"href":"https:\/\/tiendabaldini.com.ar\/index.php\/wp-json\/wp\/v2\/types\/product"}],"wp:featuredmedia":[{"embeddable":true,"href":"https:\/\/tiendabaldini.com.ar\/index.php\/wp-json\/wp\/v2\/media\/677"}],"wp:attachment":[{"href":"https:\/\/tiendabaldini.com.ar\/index.php\/wp-json\/wp\/v2\/media?parent=676"}],"wp:term":[{"taxonomy":"product_cat","embeddable":true,"href":"https:\/\/tiendabaldini.com.ar\/index.php\/wp-json\/wp\/v2\/product_cat?post=676"},{"taxonomy":"product_tag","embeddable":true,"href":"https:\/\/tiendabaldini.com.ar\/index.php\/wp-json\/wp\/v2\/product_tag?post=676"}],"curies":[{"name":"wp","href":"https:\/\/api.w.org\/{rel}","templated":true}]}}