{"id":674,"date":"2022-02-21T11:14:34","date_gmt":"2022-02-21T11:14:34","guid":{"rendered":"http:\/\/tiendabaldini.com.ar\/?post_type=product&#038;p=674"},"modified":"2022-02-21T11:19:35","modified_gmt":"2022-02-21T11:19:35","slug":"buscapina-compuesta-x-50-ml-0622","status":"publish","type":"product","link":"https:\/\/tiendabaldini.com.ar\/index.php\/product\/buscapina-compuesta-x-50-ml-0622\/","title":{"rendered":"BUSCAPINA COMPUESTA X 50 ml (0622)"},"content":{"rendered":"<p><strong>Descripci\u00f3n:<\/strong><\/p>\n<p>Antiespasm\u00f3dico y analg\u00e9sico de acci\u00f3n prolongada.<\/p>\n<p><strong>Indicaciones:<\/strong><\/p>\n<p>En bovinos, porcinos, ovinos, equinos, perros y gatos, para el tratamiento del Antiespasm\u00f3dico dolor asociado a c\u00f3licos, diarreas, fiebre, obstrucci\u00f3n esof\u00e1gica, gastroenteritis, timpanismo, c\u00e1lculos uretrales.<\/p>\n<ul>\n<li>Frasco ampolla por 50 ml.<\/li>\n<\/ul>\n","protected":false},"excerpt":{"rendered":"<p><strong>Descripci\u00f3n:<\/strong><\/p>\n<p>Antiespasm\u00f3dico y analg\u00e9sico de acci\u00f3n prolongada.<\/p>\n<p><strong>Indicaciones:<\/strong><\/p>\n<p>En bovinos, porcinos, ovinos, equinos, perros y gatos, para el tratamiento del dolor asociado a c\u00f3licos, diarreas, fiebre, obstrucci\u00f3n esof\u00e1gica, gastroenteritis, timpanismo, c\u00e1lculos uretrales.<\/p>\n<ul>\n<li>Frasco ampolla por 50 ml.<\/li>\n<\/ul>\n","protected":false},"featured_media":675,"template":"","meta":[],"product_cat":[19,28,108],"product_tag":[79,87,109,42],"_links":{"self":[{"href":"https:\/\/tiendabaldini.com.ar\/index.php\/wp-json\/wp\/v2\/product\/674"}],"collection":[{"href":"https:\/\/tiendabaldini.com.ar\/index.php\/wp-json\/wp\/v2\/product"}],"about":[{"href":"https:\/\/tiendabaldini.com.ar\/index.php\/wp-json\/wp\/v2\/types\/product"}],"wp:featuredmedia":[{"embeddable":true,"href":"https:\/\/tiendabaldini.com.ar\/index.php\/wp-json\/wp\/v2\/media\/675"}],"wp:attachment":[{"href":"https:\/\/tiendabaldini.com.ar\/index.php\/wp-json\/wp\/v2\/media?parent=674"}],"wp:term":[{"taxonomy":"product_cat","embeddable":true,"href":"https:\/\/tiendabaldini.com.ar\/index.php\/wp-json\/wp\/v2\/product_cat?post=674"},{"taxonomy":"product_tag","embeddable":true,"href":"https:\/\/tiendabaldini.com.ar\/index.php\/wp-json\/wp\/v2\/product_tag?post=674"}],"curies":[{"name":"wp","href":"https:\/\/api.w.org\/{rel}","templated":true}]}}