{"id":660,"date":"2022-02-21T10:11:20","date_gmt":"2022-02-21T10:11:20","guid":{"rendered":"http:\/\/tiendabaldini.com.ar\/?post_type=product&#038;p=660"},"modified":"2022-02-21T10:26:41","modified_gmt":"2022-02-21T10:26:41","slug":"gonaxal-x-50-ml-2881","status":"publish","type":"product","link":"https:\/\/tiendabaldini.com.ar\/index.php\/product\/gonaxal-x-50-ml-2881\/","title":{"rendered":"GONAXAL x 50 ML (2881)"},"content":{"rendered":"<p><strong>Descripci\u00f3n:<\/strong><\/p>\n<p>Soluci\u00f3n inyectable de acetato de buserelina al 0,00042%, an\u00e1logo sint\u00e9tico del de GnRH hipotal\u00e1mica. Producto para el aparato reproductor y manejo de la reproducci\u00f3n en hembras bovinas y equinas.<\/p>\n<p><strong>Indicaciones:<\/strong><\/p>\n<p>Corrige trastornos en la reproducci\u00f3n sobre todo de origen ov\u00e1rico, para programas de inseminaci\u00f3n artificial, por su efecto sobre la ovulaci\u00f3n y mejoramiento de los par\u00e1metros de concepci\u00f3n. Aciclia, ovulaci\u00f3n retardada, atresia folicular.<\/p>\n<ul>\n<li>Frasco por 50 ml.<\/li>\n<\/ul>\n","protected":false},"excerpt":{"rendered":"<p><strong>Descripci\u00f3n:<\/strong><\/p>\n<p>Soluci\u00f3n inyectable de acetato de buserelina al 0,00042%, an\u00e1logo sint\u00e9tico del de GnRH hipotal\u00e1mica. Producto para el aparato reproductor y manejo de la reproducci\u00f3n en hembras bovinas y equinas.<\/p>\n<p><strong>Indicaciones:<\/strong><\/p>\n<p>Corrige trastornos en la reproducci\u00f3n sobre todo de origen ov\u00e1rico, para programas de inseminaci\u00f3n artificial, por su efecto sobre la ovulaci\u00f3n y mejoramiento de los par\u00e1metros de concepci\u00f3n. Aciclia, ovulaci\u00f3n retardada, atresia folicular.<\/p>\n<ul>\n<li>Frasco por 50 ml.<\/li>\n<\/ul>\n","protected":false},"featured_media":661,"template":"","meta":[],"product_cat":[19,59],"product_tag":[107,62,42,78],"_links":{"self":[{"href":"https:\/\/tiendabaldini.com.ar\/index.php\/wp-json\/wp\/v2\/product\/660"}],"collection":[{"href":"https:\/\/tiendabaldini.com.ar\/index.php\/wp-json\/wp\/v2\/product"}],"about":[{"href":"https:\/\/tiendabaldini.com.ar\/index.php\/wp-json\/wp\/v2\/types\/product"}],"wp:featuredmedia":[{"embeddable":true,"href":"https:\/\/tiendabaldini.com.ar\/index.php\/wp-json\/wp\/v2\/media\/661"}],"wp:attachment":[{"href":"https:\/\/tiendabaldini.com.ar\/index.php\/wp-json\/wp\/v2\/media?parent=660"}],"wp:term":[{"taxonomy":"product_cat","embeddable":true,"href":"https:\/\/tiendabaldini.com.ar\/index.php\/wp-json\/wp\/v2\/product_cat?post=660"},{"taxonomy":"product_tag","embeddable":true,"href":"https:\/\/tiendabaldini.com.ar\/index.php\/wp-json\/wp\/v2\/product_tag?post=660"}],"curies":[{"name":"wp","href":"https:\/\/api.w.org\/{rel}","templated":true}]}}