{"id":654,"date":"2022-02-21T09:53:58","date_gmt":"2022-02-21T09:53:58","guid":{"rendered":"http:\/\/tiendabaldini.com.ar\/?post_type=product&#038;p=654"},"modified":"2022-02-21T10:17:03","modified_gmt":"2022-02-21T10:17:03","slug":"fortium-gel-equino-multidosis-3208","status":"publish","type":"product","link":"https:\/\/tiendabaldini.com.ar\/index.php\/product\/fortium-gel-equino-multidosis-3208\/","title":{"rendered":"FORTIUM GEL EQUINO MULTIDOSIS (3208)"},"content":{"rendered":"<p><strong>Descripci\u00f3n:<\/strong><\/p>\n<p>Antiparasitario interno y externo para equinos. Gel de amplio espectro que combina Ivermectina al 1% y Praziquantel para ser administrado por v\u00eda oral. De excelente palatabilidad y facilidad de aplicaci\u00f3n.<\/p>\n<p><strong>Indicaciones:<\/strong><\/p>\n<p>Combate los siguientes par\u00e1sitos, tanto en sus formas adultas como inmaduras: grandes estr\u00f3ngilos, peque\u00f1os estr\u00f3ngilos, par\u00e1sitos del cuajo, c\u00e9stodes, par\u00e1sitos pulmonares, habronemosis cut\u00e1nea, dermatitis causadas por fil\u00e1ridos y ayuda en el control de garrapatas.<\/p>\n<ul>\n<li>Jeringas monodosis de 12 g y Frascos multidosis por 240 gr.<\/li>\n<\/ul>\n","protected":false},"excerpt":{"rendered":"<p><strong>Descripci\u00f3n:<\/strong><\/p>\n<p>Antiparasitario interno y externo para equinos. Gel de amplio espectro que combina Ivermectina al 1% y Praziquantel para ser administrado por v\u00eda oral. De excelente palatabilidad y facilidad de aplicaci\u00f3n.<\/p>\n<p><strong>Indicaciones:<\/strong><\/p>\n<p>Combate los siguientes par\u00e1sitos, tanto en sus formas adultas como inmaduras: grandes estr\u00f3ngilos, peque\u00f1os estr\u00f3ngilos, par\u00e1sitos del cuajo, c\u00e9stodes, par\u00e1sitos pulmonares, habronemosis cut\u00e1nea, dermatitis causadas por fil\u00e1ridos y ayuda en el control de garrapatas.<\/p>\n<ul>\n<li>Jeringas monodosis de 12 g y Frascos multidosis por 240 gr.<\/li>\n<\/ul>\n","protected":false},"featured_media":655,"template":"","meta":[],"product_cat":[19,29,59],"product_tag":[57,62,42,80],"_links":{"self":[{"href":"https:\/\/tiendabaldini.com.ar\/index.php\/wp-json\/wp\/v2\/product\/654"}],"collection":[{"href":"https:\/\/tiendabaldini.com.ar\/index.php\/wp-json\/wp\/v2\/product"}],"about":[{"href":"https:\/\/tiendabaldini.com.ar\/index.php\/wp-json\/wp\/v2\/types\/product"}],"wp:featuredmedia":[{"embeddable":true,"href":"https:\/\/tiendabaldini.com.ar\/index.php\/wp-json\/wp\/v2\/media\/655"}],"wp:attachment":[{"href":"https:\/\/tiendabaldini.com.ar\/index.php\/wp-json\/wp\/v2\/media?parent=654"}],"wp:term":[{"taxonomy":"product_cat","embeddable":true,"href":"https:\/\/tiendabaldini.com.ar\/index.php\/wp-json\/wp\/v2\/product_cat?post=654"},{"taxonomy":"product_tag","embeddable":true,"href":"https:\/\/tiendabaldini.com.ar\/index.php\/wp-json\/wp\/v2\/product_tag?post=654"}],"curies":[{"name":"wp","href":"https:\/\/api.w.org\/{rel}","templated":true}]}}